{"id":976,"date":"2025-04-01T14:08:41","date_gmt":"2025-04-01T13:08:41","guid":{"rendered":"https:\/\/new.saphw.ch\/?page_id=976"},"modified":"2025-10-22T17:40:24","modified_gmt":"2025-10-22T16:40:24","slug":"aphws","status":"publish","type":"page","link":"https:\/\/www.saphw.ch\/fr\/aphws\/","title":{"rendered":"APhWS"},"content":{"rendered":"<div data-elementor-type=\"wp-page\" data-elementor-id=\"976\" class=\"elementor elementor-976\" data-elementor-post-type=\"page\">\n\t\t\t\t<div class=\"elementor-element elementor-element-fd03fad e-flex e-con-boxed e-con e-parent\" data-id=\"fd03fad\" data-element_type=\"container\" data-e-type=\"container\">\n\t\t\t\t\t<div class=\"e-con-inner\">\n\t\t\t\t<div class=\"elementor-element elementor-element-1d947c8 elementor-widget elementor-widget-heading\" data-id=\"1d947c8\" data-element_type=\"widget\" data-e-type=\"widget\" data-widget_type=\"heading.default\">\n\t\t\t\t<div class=\"elementor-widget-container\">\n\t\t\t\t\t<h2 class=\"elementor-heading-title elementor-size-default\">APhWS (Formation en sciences pharmaceutiques Suisse)<br><span><br>Pour l\u2019avenir de la formation pharmaceutique<\/span><\/h2>\t\t\t\t<\/div>\n\t\t\t\t<\/div>\n\t\t\t\t\t<\/div>\n\t\t\t\t<\/div>\n\t\t<div class=\"elementor-element elementor-element-6a00711 e-grid e-con-boxed e-con e-parent\" data-id=\"6a00711\" data-element_type=\"container\" data-e-type=\"container\">\n\t\t\t\t\t<div class=\"e-con-inner\">\n\t\t\t\t<div class=\"elementor-element elementor-element-0a3bd8a elementor-widget elementor-widget-image\" data-id=\"0a3bd8a\" data-element_type=\"widget\" data-e-type=\"widget\" data-widget_type=\"image.default\">\n\t\t\t\t<div class=\"elementor-widget-container\">\n\t\t\t\t\t\t\t\t\t\t\t\t\t\t\t<img fetchpriority=\"high\" decoding=\"async\" width=\"1024\" height=\"740\" src=\"https:\/\/www.saphw.ch\/wp-content\/uploads\/2025\/05\/Bildschirmfoto-2025-05-01-um-22.32.08-1024x740.png\" class=\"attachment-large size-large wp-image-1659\" alt=\"\" srcset=\"https:\/\/www.saphw.ch\/wp-content\/uploads\/2025\/05\/Bildschirmfoto-2025-05-01-um-22.32.08-1024x740.png 1024w, https:\/\/www.saphw.ch\/wp-content\/uploads\/2025\/05\/Bildschirmfoto-2025-05-01-um-22.32.08-300x217.png 300w, https:\/\/www.saphw.ch\/wp-content\/uploads\/2025\/05\/Bildschirmfoto-2025-05-01-um-22.32.08-768x555.png 768w, https:\/\/www.saphw.ch\/wp-content\/uploads\/2025\/05\/Bildschirmfoto-2025-05-01-um-22.32.08-1536x1110.png 1536w, https:\/\/www.saphw.ch\/wp-content\/uploads\/2025\/05\/Bildschirmfoto-2025-05-01-um-22.32.08-18x12.png 18w, https:\/\/www.saphw.ch\/wp-content\/uploads\/2025\/05\/Bildschirmfoto-2025-05-01-um-22.32.08.png 1610w\" sizes=\"(max-width: 1024px) 100vw, 1024px\" \/>\t\t\t\t\t\t\t\t\t\t\t\t\t\t\t<\/div>\n\t\t\t\t<\/div>\n\t\t\t\t<div class=\"elementor-element elementor-element-3181669 elementor-widget elementor-widget-text-editor\" data-id=\"3181669\" data-element_type=\"widget\" data-e-type=\"widget\" data-widget_type=\"text-editor.default\">\n\t\t\t\t<div class=\"elementor-widget-container\">\n\t\t\t\t\t\t\t\t\t<p data-pm-slice=\"1 1 []\" class=\"translation-block\">L\u2019APhWS a \u00e9t\u00e9 cr\u00e9\u00e9e en 2020 par l\u2019Acad\u00e9mie Suisse des Sciences Pharmaceutiques (ASSPh) sur proposition de pharmaSuisse. Elle rassemble tous les acteurs d\u00e9terminants issus des universit\u00e9s, des officines, de la pharmacie hospitali\u00e8re et de la formation continue, et coordonne les th\u00e8mes strat\u00e9giques relatifs \u00e0 l\u2019organisation de la formation pharmaceutique en Suisse. La direction organisationnelle incombe \u00e0 l\u2019ASSPh et le Dr Christine Moll assume la fonction de mod\u00e9ratrice.<\/p>\t\t\t\t\t\t\t\t<\/div>\n\t\t\t\t<\/div>\n\t\t\t\t\t<\/div>\n\t\t\t\t<\/div>\n\t\t<div class=\"elementor-element elementor-element-72af5b2 e-flex e-con-boxed e-con e-parent\" data-id=\"72af5b2\" data-element_type=\"container\" data-e-type=\"container\">\n\t\t\t\t\t<div class=\"e-con-inner\">\n\t\t\t\t<div class=\"elementor-element elementor-element-863a4a9 elementor-widget elementor-widget-text-editor\" data-id=\"863a4a9\" data-element_type=\"widget\" data-e-type=\"widget\" data-widget_type=\"text-editor.default\">\n\t\t\t\t<div class=\"elementor-widget-container\">\n\t\t\t\t\t\t\t\t\t<h3>Nos missions et objectifs<\/h3><p><img decoding=\"async\" class=\"emoji\" role=\"img\" draggable=\"false\" src=\"https:\/\/s.w.org\/images\/core\/emoji\/15.0.3\/svg\/1f539.svg\" alt=\"\ud83d\udd39\" \/> <strong>Recherche de consensus &amp; strat\u00e9gie<\/strong><br \/>Nous \u00e9laborons ensemble des propositions strat\u00e9giques pour le d\u00e9veloppement de la formation et les adaptons aux besoins de nos organisations membres.<\/p><p><img decoding=\"async\" class=\"emoji\" role=\"img\" draggable=\"false\" src=\"https:\/\/s.w.org\/images\/core\/emoji\/15.0.3\/svg\/1f539.svg\" alt=\"\ud83d\udd39\" \/> <strong>Conception du catalogue des objectifs \u00e9ducatifs<\/strong><br \/>Nous r\u00e9visons et optimisons le catalogue des objectifs \u00e9ducatifs afin de garantir une formation pratique et tourn\u00e9e vers l\u2019avenir.<\/p><p><img decoding=\"async\" class=\"emoji\" role=\"img\" draggable=\"false\" src=\"https:\/\/s.w.org\/images\/core\/emoji\/15.0.3\/svg\/1f539.svg\" alt=\"\ud83d\udd39\" \/> <strong>Distinction entre la formation continue et postgrade<\/strong><br \/>Nous veillons \u00e0 une s\u00e9paration claire entre la formation de base, la formation continue et la formation postgrade, afin d\u2019assurer un d\u00e9veloppement structur\u00e9 des comp\u00e9tences pharmaceutiques.<\/p><h3>Plateforme \u00abRoundtable\u00bb<\/h3>\t\t\t\t\t\t\t\t<\/div>\n\t\t\t\t<\/div>\n\t\t\t\t\t<\/div>\n\t\t\t\t<\/div>\n\t\t<div class=\"elementor-element elementor-element-380be35 e-grid e-con-boxed e-con e-parent\" data-id=\"380be35\" data-element_type=\"container\" data-e-type=\"container\">\n\t\t\t\t\t<div class=\"e-con-inner\">\n\t\t\t\t<div class=\"elementor-element elementor-element-bf01ecf elementor-widget elementor-widget-image\" data-id=\"bf01ecf\" data-element_type=\"widget\" data-e-type=\"widget\" data-widget_type=\"image.default\">\n\t\t\t\t<div class=\"elementor-widget-container\">\n\t\t\t\t\t\t\t\t\t\t\t\t\t\t\t<img decoding=\"async\" width=\"1024\" height=\"854\" src=\"https:\/\/www.saphw.ch\/wp-content\/uploads\/2025\/05\/Bildschirmfoto-2025-05-10-um-23.49.54-1024x854.png\" class=\"attachment-large size-large wp-image-1761\" alt=\"\" srcset=\"https:\/\/www.saphw.ch\/wp-content\/uploads\/2025\/05\/Bildschirmfoto-2025-05-10-um-23.49.54-1024x854.png 1024w, https:\/\/www.saphw.ch\/wp-content\/uploads\/2025\/05\/Bildschirmfoto-2025-05-10-um-23.49.54-300x250.png 300w, https:\/\/www.saphw.ch\/wp-content\/uploads\/2025\/05\/Bildschirmfoto-2025-05-10-um-23.49.54-768x641.png 768w, https:\/\/www.saphw.ch\/wp-content\/uploads\/2025\/05\/Bildschirmfoto-2025-05-10-um-23.49.54-14x12.png 14w, https:\/\/www.saphw.ch\/wp-content\/uploads\/2025\/05\/Bildschirmfoto-2025-05-10-um-23.49.54.png 1410w\" sizes=\"(max-width: 1024px) 100vw, 1024px\" \/>\t\t\t\t\t\t\t\t\t\t\t\t\t\t\t<\/div>\n\t\t\t\t<\/div>\n\t\t\t\t<div class=\"elementor-element elementor-element-9cac10e elementor-widget elementor-widget-text-editor\" data-id=\"9cac10e\" data-element_type=\"widget\" data-e-type=\"widget\" data-widget_type=\"text-editor.default\">\n\t\t\t\t<div class=\"elementor-widget-container\">\n\t\t\t\t\t\t\t\t\t<p class=\"translation-block\">Pour favoriser les \u00e9changes entre les diff\u00e9rents acteurs et distinguer la formation initiale de la formation continue, l\u2019APhWS a cr\u00e9\u00e9 la plateforme Roundtable. Les repr\u00e9sentants de tous les sites de formation, ainsi que des officines (topPharm, B\u00e4hler Dropa, Galenicare, BENU, medbase, agfam, CAP, pharmaSuisse et des membres du comit\u00e9 du S\u00e9nat de l\u2019ASSPh) discutent ensemble des th\u00e8mes actuels de la formation pharmaceutique.<\/p>\t\t\t\t\t\t\t\t<\/div>\n\t\t\t\t<\/div>\n\t\t\t\t\t<\/div>\n\t\t\t\t<\/div>\n\t\t<div class=\"elementor-element elementor-element-e8513b5 e-flex e-con-boxed e-con e-parent\" data-id=\"e8513b5\" data-element_type=\"container\" data-e-type=\"container\">\n\t\t\t\t\t<div class=\"e-con-inner\">\n\t\t\t\t<div class=\"elementor-element elementor-element-e8084be elementor-widget elementor-widget-text-editor\" data-id=\"e8084be\" data-element_type=\"widget\" data-e-type=\"widget\" data-widget_type=\"text-editor.default\">\n\t\t\t\t<div class=\"elementor-widget-container\">\n\t\t\t\t\t\t\t\t\t<p class=\"translation-block\"><strong>Th\u00e8mes discut\u00e9s:<\/strong><br><img class=\"emoji\" role=\"img\" src=\"https:\/\/s.w.org\/images\/core\/emoji\/15.0.3\/svg\/1f539.svg\" alt=\"\ud83d\udd39\"> Mise en \u0153uvre de nouveaux curricula et comp\u00e9tences (<em>par ex. vaccination, diagnostic &amp; th\u00e9rapie<\/em>)<br><img class=\"emoji\" role=\"img\" src=\"https:\/\/s.w.org\/images\/core\/emoji\/15.0.3\/svg\/1f539.svg\" alt=\"\ud83d\udd39\"> Catalogues des objectifs \u00e9ducatifs et leur mise \u00e0 jour<br><img class=\"emoji\" role=\"img\" src=\"https:\/\/s.w.org\/images\/core\/emoji\/15.0.3\/svg\/1f539.svg\" alt=\"\ud83d\udd39\"> R\u00e9vision du curriculum postgrade FPH<br><img class=\"emoji\" role=\"img\" src=\"https:\/\/s.w.org\/images\/core\/emoji\/15.0.3\/svg\/1f539.svg\" alt=\"\ud83d\udd39\"> R\u00f4le et position des universit\u00e9s offrant le Master<\/p><p>L\u2019APhWS s\u2019engage activement pour une formation pharmaceutique de qualit\u00e9 et tourn\u00e9e vers l\u2019avenir. \u00abEnsemble, nous construisons la formation de demain!\u00bb<\/p>\t\t\t\t\t\t\t\t<\/div>\n\t\t\t\t<\/div>\n\t\t\t\t\t<\/div>\n\t\t\t\t<\/div>\n\t\t\t\t<\/div>","protected":false},"excerpt":{"rendered":"<p>Ausbildung Pharmazeutische Wissenschaften Schweiz (APhWS) F\u00fcr die Zukunft der pharmazeutischen Ausbildung Die APhWS (Ausbildung Pharmazeutische Wissenschaften Schweiz) wurde im Jahr 2020 von der Schweizerischen Akademie der Pharmazeutischen Wissenschaften (SAPhW) auf Vorschlag von pharmaSuisse gegr\u00fcndet. Sie vereint alle relevanten Akteure aus den Hochschulen, der Offizin, der Spitalpharmazie und Weiterbildung und koordiniert strategische Themen zur Gestaltung der [&hellip;]<\/p>\n","protected":false},"author":3,"featured_media":0,"parent":0,"menu_order":0,"comment_status":"closed","ping_status":"closed","template":"","meta":{"ocean_post_layout":"","ocean_both_sidebars_style":"","ocean_both_sidebars_content_width":0,"ocean_both_sidebars_sidebars_width":0,"ocean_sidebar":"","ocean_second_sidebar":"","ocean_disable_margins":"enable","ocean_add_body_class":"","ocean_shortcode_before_top_bar":"","ocean_shortcode_after_top_bar":"","ocean_shortcode_before_header":"","ocean_shortcode_after_header":"","ocean_has_shortcode":"","ocean_shortcode_after_title":"","ocean_shortcode_before_footer_widgets":"","ocean_shortcode_after_footer_widgets":"","ocean_shortcode_before_footer_bottom":"","ocean_shortcode_after_footer_bottom":"","ocean_display_top_bar":"default","ocean_display_header":"default","ocean_header_style":"","ocean_center_header_left_menu":"","ocean_custom_header_template":"","ocean_custom_logo":0,"ocean_custom_retina_logo":0,"ocean_custom_logo_max_width":0,"ocean_custom_logo_tablet_max_width":0,"ocean_custom_logo_mobile_max_width":0,"ocean_custom_logo_max_height":0,"ocean_custom_logo_tablet_max_height":0,"ocean_custom_logo_mobile_max_height":0,"ocean_header_custom_menu":"","ocean_menu_typo_font_family":"","ocean_menu_typo_font_subset":"","ocean_menu_typo_font_size":0,"ocean_menu_typo_font_size_tablet":0,"ocean_menu_typo_font_size_mobile":0,"ocean_menu_typo_font_size_unit":"px","ocean_menu_typo_font_weight":"","ocean_menu_typo_font_weight_tablet":"","ocean_menu_typo_font_weight_mobile":"","ocean_menu_typo_transform":"","ocean_menu_typo_transform_tablet":"","ocean_menu_typo_transform_mobile":"","ocean_menu_typo_line_height":0,"ocean_menu_typo_line_height_tablet":0,"ocean_menu_typo_line_height_mobile":0,"ocean_menu_typo_line_height_unit":"","ocean_menu_typo_spacing":0,"ocean_menu_typo_spacing_tablet":0,"ocean_menu_typo_spacing_mobile":0,"ocean_menu_typo_spacing_unit":"","ocean_menu_link_color":"","ocean_menu_link_color_hover":"","ocean_menu_link_color_active":"","ocean_menu_link_background":"","ocean_menu_link_hover_background":"","ocean_menu_link_active_background":"","ocean_menu_social_links_bg":"","ocean_menu_social_hover_links_bg":"","ocean_menu_social_links_color":"","ocean_menu_social_hover_links_color":"","ocean_disable_title":"default","ocean_disable_heading":"default","ocean_post_title":"","ocean_post_subheading":"","ocean_post_title_style":"","ocean_post_title_background_color":"","ocean_post_title_background":0,"ocean_post_title_bg_image_position":"","ocean_post_title_bg_image_attachment":"","ocean_post_title_bg_image_repeat":"","ocean_post_title_bg_image_size":"","ocean_post_title_height":0,"ocean_post_title_bg_overlay":0.5,"ocean_post_title_bg_overlay_color":"","ocean_disable_breadcrumbs":"default","ocean_breadcrumbs_color":"","ocean_breadcrumbs_separator_color":"","ocean_breadcrumbs_links_color":"","ocean_breadcrumbs_links_hover_color":"","ocean_display_footer_widgets":"default","ocean_display_footer_bottom":"default","ocean_custom_footer_template":"","ofc_meta_disable_footer_callout":"","ofc_meta_callout_button_url":"","ofc_meta_callout_button_txt":"","ofc_meta_callout_text":"","osh_disable_topbar_sticky":"default","osh_disable_header_sticky":"default","osh_sticky_header_style":"default","osh_sticky_header_effect":"","osh_custom_sticky_logo":0,"osh_custom_retina_sticky_logo":0,"osh_custom_sticky_logo_height":0,"osh_background_color":"","osh_links_color":"","osh_links_hover_color":"","osh_links_active_color":"","osh_links_bg_color":"","osh_links_hover_bg_color":"","osh_links_active_bg_color":"","osh_menu_social_links_color":"","osh_menu_social_hover_links_color":"","footnotes":""},"class_list":["post-976","page","type-page","status-publish","hentry","entry"],"yoast_head":"<!-- This site is optimized with the Yoast SEO plugin v27.3 - https:\/\/yoast.com\/product\/yoast-seo-wordpress\/ -->\n<title>APhWS - Schweizerische Akademie der Pharmazeutischen Wissenschaften<\/title>\n<meta name=\"robots\" content=\"index, follow, max-snippet:-1, max-image-preview:large, max-video-preview:-1\" \/>\n<link rel=\"canonical\" href=\"https:\/\/www.saphw.ch\/fr\/aphws\/\" \/>\n<meta property=\"og:locale\" content=\"fr_FR\" \/>\n<meta property=\"og:type\" content=\"article\" \/>\n<meta property=\"og:title\" content=\"APhWS - Schweizerische Akademie der Pharmazeutischen Wissenschaften\" \/>\n<meta property=\"og:description\" content=\"Ausbildung Pharmazeutische Wissenschaften Schweiz (APhWS) F\u00fcr die Zukunft der pharmazeutischen Ausbildung Die APhWS (Ausbildung Pharmazeutische Wissenschaften Schweiz) wurde im Jahr 2020 von der Schweizerischen Akademie der Pharmazeutischen Wissenschaften (SAPhW) auf Vorschlag von pharmaSuisse gegr\u00fcndet. Sie vereint alle relevanten Akteure aus den Hochschulen, der Offizin, der Spitalpharmazie und Weiterbildung und koordiniert strategische Themen zur Gestaltung der [&hellip;]\" \/>\n<meta property=\"og:url\" content=\"https:\/\/www.saphw.ch\/fr\/aphws\/\" \/>\n<meta property=\"og:site_name\" content=\"Schweizerische Akademie der Pharmazeutischen Wissenschaften\" \/>\n<meta property=\"article:modified_time\" content=\"2025-10-22T16:40:24+00:00\" \/>\n<meta property=\"og:image\" content=\"https:\/\/www.saphw.ch\/wp-content\/uploads\/2025\/05\/Bildschirmfoto-2025-05-01-um-22.32.08-1024x740.png\" \/>\n\t<meta property=\"og:image:width\" content=\"1024\" \/>\n\t<meta property=\"og:image:height\" content=\"740\" \/>\n\t<meta property=\"og:image:type\" content=\"image\/png\" \/>\n<meta name=\"twitter:card\" content=\"summary_large_image\" \/>\n<meta name=\"twitter:label1\" content=\"Dur\u00e9e de lecture estim\u00e9e\" \/>\n\t<meta name=\"twitter:data1\" content=\"4 minutes\" \/>\n<script type=\"application\/ld+json\" class=\"yoast-schema-graph\">{\"@context\":\"https:\\\/\\\/schema.org\",\"@graph\":[{\"@type\":\"WebPage\",\"@id\":\"https:\\\/\\\/www.saphw.ch\\\/aphws\\\/\",\"url\":\"https:\\\/\\\/www.saphw.ch\\\/aphws\\\/\",\"name\":\"APhWS - Schweizerische Akademie der Pharmazeutischen Wissenschaften\",\"isPartOf\":{\"@id\":\"https:\\\/\\\/www.saphw.ch\\\/de_ch\\\/#website\"},\"primaryImageOfPage\":{\"@id\":\"https:\\\/\\\/www.saphw.ch\\\/aphws\\\/#primaryimage\"},\"image\":{\"@id\":\"https:\\\/\\\/www.saphw.ch\\\/aphws\\\/#primaryimage\"},\"thumbnailUrl\":\"https:\\\/\\\/www.saphw.ch\\\/wp-content\\\/uploads\\\/2025\\\/05\\\/Bildschirmfoto-2025-05-01-um-22.32.08-1024x740.png\",\"datePublished\":\"2025-04-01T13:08:41+00:00\",\"dateModified\":\"2025-10-22T16:40:24+00:00\",\"breadcrumb\":{\"@id\":\"https:\\\/\\\/www.saphw.ch\\\/aphws\\\/#breadcrumb\"},\"inLanguage\":\"fr-FR\",\"potentialAction\":[{\"@type\":\"ReadAction\",\"target\":[\"https:\\\/\\\/www.saphw.ch\\\/aphws\\\/\"]}]},{\"@type\":\"ImageObject\",\"inLanguage\":\"fr-FR\",\"@id\":\"https:\\\/\\\/www.saphw.ch\\\/aphws\\\/#primaryimage\",\"url\":\"https:\\\/\\\/www.saphw.ch\\\/wp-content\\\/uploads\\\/2025\\\/05\\\/Bildschirmfoto-2025-05-01-um-22.32.08-1024x740.png\",\"contentUrl\":\"https:\\\/\\\/www.saphw.ch\\\/wp-content\\\/uploads\\\/2025\\\/05\\\/Bildschirmfoto-2025-05-01-um-22.32.08-1024x740.png\"},{\"@type\":\"BreadcrumbList\",\"@id\":\"https:\\\/\\\/www.saphw.ch\\\/aphws\\\/#breadcrumb\",\"itemListElement\":[{\"@type\":\"ListItem\",\"position\":1,\"name\":\"Home\",\"item\":\"https:\\\/\\\/www.saphw.ch\\\/\"},{\"@type\":\"ListItem\",\"position\":2,\"name\":\"APhWS\"}]},{\"@type\":\"WebSite\",\"@id\":\"https:\\\/\\\/www.saphw.ch\\\/de_ch\\\/#website\",\"url\":\"https:\\\/\\\/www.saphw.ch\\\/de_ch\\\/\",\"name\":\"Schweizerische Akademie der Pharmazeutischen Wissenschaften\",\"description\":\"\",\"publisher\":{\"@id\":\"https:\\\/\\\/www.saphw.ch\\\/de_ch\\\/#organization\"},\"potentialAction\":[{\"@type\":\"SearchAction\",\"target\":{\"@type\":\"EntryPoint\",\"urlTemplate\":\"https:\\\/\\\/www.saphw.ch\\\/de_ch\\\/?s={search_term_string}\"},\"query-input\":{\"@type\":\"PropertyValueSpecification\",\"valueRequired\":true,\"valueName\":\"search_term_string\"}}],\"inLanguage\":\"fr-FR\"},{\"@type\":\"Organization\",\"@id\":\"https:\\\/\\\/www.saphw.ch\\\/de_ch\\\/#organization\",\"name\":\"Schweizerische Akademie der Pharmazeutischen Wissenschaften\",\"url\":\"https:\\\/\\\/www.saphw.ch\\\/de_ch\\\/\",\"logo\":{\"@type\":\"ImageObject\",\"inLanguage\":\"fr-FR\",\"@id\":\"https:\\\/\\\/www.saphw.ch\\\/de_ch\\\/#\\\/schema\\\/logo\\\/image\\\/\",\"url\":\"https:\\\/\\\/www.saphw.ch\\\/wp-content\\\/uploads\\\/2025\\\/05\\\/Logo_navbar.png\",\"contentUrl\":\"https:\\\/\\\/www.saphw.ch\\\/wp-content\\\/uploads\\\/2025\\\/05\\\/Logo_navbar.png\",\"width\":800,\"height\":351,\"caption\":\"Schweizerische Akademie der Pharmazeutischen Wissenschaften\"},\"image\":{\"@id\":\"https:\\\/\\\/www.saphw.ch\\\/de_ch\\\/#\\\/schema\\\/logo\\\/image\\\/\"}}]}<\/script>\n<!-- \/ Yoast SEO plugin. -->","yoast_head_json":{"title":"APhWS - Schweizerische Akademie der Pharmazeutischen Wissenschaften","robots":{"index":"index","follow":"follow","max-snippet":"max-snippet:-1","max-image-preview":"max-image-preview:large","max-video-preview":"max-video-preview:-1"},"canonical":"https:\/\/www.saphw.ch\/fr\/aphws\/","og_locale":"fr_FR","og_type":"article","og_title":"APhWS - Schweizerische Akademie der Pharmazeutischen Wissenschaften","og_description":"Ausbildung Pharmazeutische Wissenschaften Schweiz (APhWS) F\u00fcr die Zukunft der pharmazeutischen Ausbildung Die APhWS (Ausbildung Pharmazeutische Wissenschaften Schweiz) wurde im Jahr 2020 von der Schweizerischen Akademie der Pharmazeutischen Wissenschaften (SAPhW) auf Vorschlag von pharmaSuisse gegr\u00fcndet. Sie vereint alle relevanten Akteure aus den Hochschulen, der Offizin, der Spitalpharmazie und Weiterbildung und koordiniert strategische Themen zur Gestaltung der [&hellip;]","og_url":"https:\/\/www.saphw.ch\/fr\/aphws\/","og_site_name":"Schweizerische Akademie der Pharmazeutischen Wissenschaften","article_modified_time":"2025-10-22T16:40:24+00:00","og_image":[{"width":1024,"height":740,"url":"https:\/\/www.saphw.ch\/wp-content\/uploads\/2025\/05\/Bildschirmfoto-2025-05-01-um-22.32.08-1024x740.png","type":"image\/png"}],"twitter_card":"summary_large_image","twitter_misc":{"Dur\u00e9e de lecture estim\u00e9e":"4 minutes"},"schema":{"@context":"https:\/\/schema.org","@graph":[{"@type":"WebPage","@id":"https:\/\/www.saphw.ch\/aphws\/","url":"https:\/\/www.saphw.ch\/aphws\/","name":"APhWS - Schweizerische Akademie der Pharmazeutischen Wissenschaften","isPartOf":{"@id":"https:\/\/www.saphw.ch\/de_ch\/#website"},"primaryImageOfPage":{"@id":"https:\/\/www.saphw.ch\/aphws\/#primaryimage"},"image":{"@id":"https:\/\/www.saphw.ch\/aphws\/#primaryimage"},"thumbnailUrl":"https:\/\/www.saphw.ch\/wp-content\/uploads\/2025\/05\/Bildschirmfoto-2025-05-01-um-22.32.08-1024x740.png","datePublished":"2025-04-01T13:08:41+00:00","dateModified":"2025-10-22T16:40:24+00:00","breadcrumb":{"@id":"https:\/\/www.saphw.ch\/aphws\/#breadcrumb"},"inLanguage":"fr-FR","potentialAction":[{"@type":"ReadAction","target":["https:\/\/www.saphw.ch\/aphws\/"]}]},{"@type":"ImageObject","inLanguage":"fr-FR","@id":"https:\/\/www.saphw.ch\/aphws\/#primaryimage","url":"https:\/\/www.saphw.ch\/wp-content\/uploads\/2025\/05\/Bildschirmfoto-2025-05-01-um-22.32.08-1024x740.png","contentUrl":"https:\/\/www.saphw.ch\/wp-content\/uploads\/2025\/05\/Bildschirmfoto-2025-05-01-um-22.32.08-1024x740.png"},{"@type":"BreadcrumbList","@id":"https:\/\/www.saphw.ch\/aphws\/#breadcrumb","itemListElement":[{"@type":"ListItem","position":1,"name":"Home","item":"https:\/\/www.saphw.ch\/"},{"@type":"ListItem","position":2,"name":"APhWS"}]},{"@type":"WebSite","@id":"https:\/\/www.saphw.ch\/de_ch\/#website","url":"https:\/\/www.saphw.ch\/de_ch\/","name":"Acad\u00e9mie Suisse des Sciences Pharmaceutiques","description":"","publisher":{"@id":"https:\/\/www.saphw.ch\/de_ch\/#organization"},"potentialAction":[{"@type":"SearchAction","target":{"@type":"EntryPoint","urlTemplate":"https:\/\/www.saphw.ch\/de_ch\/?s={search_term_string}"},"query-input":{"@type":"PropertyValueSpecification","valueRequired":true,"valueName":"search_term_string"}}],"inLanguage":"fr-FR"},{"@type":"Organization","@id":"https:\/\/www.saphw.ch\/de_ch\/#organization","name":"Acad\u00e9mie Suisse des Sciences Pharmaceutiques","url":"https:\/\/www.saphw.ch\/de_ch\/","logo":{"@type":"ImageObject","inLanguage":"fr-FR","@id":"https:\/\/www.saphw.ch\/de_ch\/#\/schema\/logo\/image\/","url":"https:\/\/www.saphw.ch\/wp-content\/uploads\/2025\/05\/Logo_navbar.png","contentUrl":"https:\/\/www.saphw.ch\/wp-content\/uploads\/2025\/05\/Logo_navbar.png","width":800,"height":351,"caption":"Schweizerische Akademie der Pharmazeutischen Wissenschaften"},"image":{"@id":"https:\/\/www.saphw.ch\/de_ch\/#\/schema\/logo\/image\/"}}]}},"_links":{"self":[{"href":"https:\/\/www.saphw.ch\/fr\/wp-json\/wp\/v2\/pages\/976","targetHints":{"allow":["GET"]}}],"collection":[{"href":"https:\/\/www.saphw.ch\/fr\/wp-json\/wp\/v2\/pages"}],"about":[{"href":"https:\/\/www.saphw.ch\/fr\/wp-json\/wp\/v2\/types\/page"}],"author":[{"embeddable":true,"href":"https:\/\/www.saphw.ch\/fr\/wp-json\/wp\/v2\/users\/3"}],"replies":[{"embeddable":true,"href":"https:\/\/www.saphw.ch\/fr\/wp-json\/wp\/v2\/comments?post=976"}],"version-history":[{"count":19,"href":"https:\/\/www.saphw.ch\/fr\/wp-json\/wp\/v2\/pages\/976\/revisions"}],"predecessor-version":[{"id":2151,"href":"https:\/\/www.saphw.ch\/fr\/wp-json\/wp\/v2\/pages\/976\/revisions\/2151"}],"wp:attachment":[{"href":"https:\/\/www.saphw.ch\/fr\/wp-json\/wp\/v2\/media?parent=976"}],"curies":[{"name":"wp","href":"https:\/\/api.w.org\/{rel}","templated":true}]}}