{"id":1358,"date":"2025-04-26T08:08:22","date_gmt":"2025-04-26T07:08:22","guid":{"rendered":"https:\/\/new.saphw.ch\/?page_id=1358"},"modified":"2025-10-28T01:03:04","modified_gmt":"2025-10-28T00:03:04","slug":"mitglied-werden","status":"publish","type":"page","link":"https:\/\/www.saphw.ch\/fr\/mitglied-werden\/","title":{"rendered":"Mitglied werden"},"content":{"rendered":"<div data-elementor-type=\"wp-page\" data-elementor-id=\"1358\" class=\"elementor elementor-1358\" data-elementor-post-type=\"page\">\n\t\t\t\t<div class=\"elementor-element elementor-element-df99956 e-flex e-con-boxed e-con e-parent\" data-id=\"df99956\" data-element_type=\"container\" data-e-type=\"container\">\n\t\t\t\t\t<div class=\"e-con-inner\">\n\t\t\t\t<div class=\"elementor-element elementor-element-ada71d9 elementor-widget elementor-widget-heading\" data-id=\"ada71d9\" data-element_type=\"widget\" data-e-type=\"widget\" data-widget_type=\"heading.default\">\n\t\t\t\t<div class=\"elementor-widget-container\">\n\t\t\t\t\t<h2 class=\"elementor-heading-title elementor-size-default\">Devenir membre<\/h2>\t\t\t\t<\/div>\n\t\t\t\t<\/div>\n\t\t\t\t\t<\/div>\n\t\t\t\t<\/div>\n\t\t<div class=\"elementor-element elementor-element-372b2bd e-flex e-con-boxed e-con e-parent\" data-id=\"372b2bd\" data-element_type=\"container\" data-e-type=\"container\">\n\t\t\t\t\t<div class=\"e-con-inner\">\n\t\t\t\t<div class=\"elementor-element elementor-element-87398c8 elementor-widget elementor-widget-text-editor\" data-id=\"87398c8\" data-element_type=\"widget\" data-e-type=\"widget\" data-widget_type=\"text-editor.default\">\n\t\t\t\t<div class=\"elementor-widget-container\">\n\t\t\t\t\t\t\t\t\t<p class=\"translation-block\" data-start=\"280\" data-end=\"579\">Depuis des d\u00e9cennies, l\u2019ASSPh promeut les sciences pharmaceutiques en Suisse \u2013 de mani\u00e8re interdisciplinaire, ind\u00e9pendante et orient\u00e9e vers l\u2019avenir. En tant que membre, vous faites partie d\u2019un r\u00e9seau actif de chercheurs et chercheuses, pharmaciens et pharmaciennes, \u00e9tudiants et \u00e9tudiantes, ainsi que de d\u00e9cideurs et d\u00e9cideuses issus du monde acad\u00e9mique et professionnel.<\/p>\t\t\t\t\t\t\t\t<\/div>\n\t\t\t\t<\/div>\n\t\t\t\t\t<\/div>\n\t\t\t\t<\/div>\n\t\t<div class=\"elementor-element elementor-element-f163bff e-flex e-con-boxed e-con e-parent\" data-id=\"f163bff\" data-element_type=\"container\" data-e-type=\"container\">\n\t\t\t\t\t<div class=\"e-con-inner\">\n\t\t\t\t<div class=\"elementor-element elementor-element-becea4a elementor-widget elementor-widget-heading\" data-id=\"becea4a\" data-element_type=\"widget\" data-e-type=\"widget\" data-widget_type=\"heading.default\">\n\t\t\t\t<div class=\"elementor-widget-container\">\n\t\t\t\t\t<h2 class=\"elementor-heading-title elementor-size-default\">Avantages d\u2019une adh\u00e9sion \u00e0 l\u2019ASSPh<\/h2>\t\t\t\t<\/div>\n\t\t\t\t<\/div>\n\t\t\t\t\t<\/div>\n\t\t\t\t<\/div>\n\t\t<div class=\"elementor-element elementor-element-d462782 e-flex e-con-boxed e-con e-parent\" data-id=\"d462782\" data-element_type=\"container\" data-e-type=\"container\">\n\t\t\t\t\t<div class=\"e-con-inner\">\n\t\t\t\t<div class=\"elementor-element elementor-element-daec63a elementor-widget elementor-widget-text-editor\" data-id=\"daec63a\" data-element_type=\"widget\" data-e-type=\"widget\" data-widget_type=\"text-editor.default\">\n\t\t\t\t<div class=\"elementor-widget-container\">\n\t\t\t\t\t\t\t\t\t<p class=\"\" data-start=\"270\" data-end=\"412\"><span style=\"color: #ff9900;\">\u2666<\/span>\u00a0<strong data-start=\"273\" data-end=\"320\">Promotion des \u00e9changes scientifiques<\/strong><br data-start=\"320\" data-end=\"323\" \/>Acc\u00e8s \u00e0 un r\u00e9seau actif compos\u00e9 de chercheurs, de l\u2019industrie et de la pratique.<\/p><p class=\"\" data-start=\"743\" data-end=\"892\"><strong data-start=\"746\" data-end=\"787\"><span style=\"color: #ff9900;\">\u2666\u00a0<\/span>Plateforme de pr\u00e9sentation de vos recherches<br data-start=\"945\" data-end=\"948\" \/><\/strong>Vos r\u00e9sultats de recherche peuvent \u00eatre rendus visibles via la newsletter, des \u00e9v\u00e9nements ou des contributions sp\u00e9cialis\u00e9es.<\/p><p class=\"\" data-start=\"743\" data-end=\"892\"><strong data-start=\"746\" data-end=\"787\"><span style=\"color: #ff9900;\">\u2666\u00a0<\/span>Possibilit\u00e9 de participation active<\/strong><br data-start=\"787\" data-end=\"790\" \/>Vous pouvez collaborer dans des groupes de travail, des comit\u00e9s ou dans l\u2019\u00e9laboration de documents de position.<\/p><p class=\"\" data-start=\"1213\" data-end=\"1402\"><strong data-start=\"1216\" data-end=\"1282\"><span style=\"color: #ff9900;\">\u2666\u00a0<\/span>Renforcement des sciences pharmaceutiques dans la soci\u00e9t\u00e9<\/strong><br data-start=\"1282\" data-end=\"1285\" \/>La visibilit\u00e9 et la pertinence de la recherche pharmaceutique sont soutenues par la voix collective des membres.<\/p><p class=\"\" data-start=\"1404\" data-end=\"1547\"><strong data-start=\"1407\" data-end=\"1473\"><span style=\"color: #ff9900;\">\u2666\u00a0<\/span>Conditions avantageuses pour les \u00e9tudiants et jeunes chercheurs<\/strong><br data-start=\"1473\" data-end=\"1476\" \/>Cotisations r\u00e9duites et acc\u00e8s \u00e0 des offres de mentorat.<\/p><p class=\"\" data-start=\"1549\" data-end=\"1717\"><strong data-start=\"1552\" data-end=\"1598\"><span style=\"color: #ff9900;\">\u2666\u00a0<\/span>Avantages pour les institutions et entreprises<\/strong><br data-start=\"1598\" data-end=\"1601\" \/>Les membres collectifs b\u00e9n\u00e9ficient d\u2019une visibilit\u00e9 cibl\u00e9e, d\u2019un acc\u00e8s aux ressources scientifiques et d\u2019un contact avec des talents.<\/p>\t\t\t\t\t\t\t\t<\/div>\n\t\t\t\t<\/div>\n\t\t\t\t\t<\/div>\n\t\t\t\t<\/div>\n\t\t<div class=\"elementor-element elementor-element-2879a8c e-flex e-con-boxed e-con e-parent\" data-id=\"2879a8c\" data-element_type=\"container\" data-e-type=\"container\">\n\t\t\t\t\t<div class=\"e-con-inner\">\n\t\t\t\t<div class=\"elementor-element elementor-element-ac46755 elementor-widget elementor-widget-spacer\" data-id=\"ac46755\" data-element_type=\"widget\" data-e-type=\"widget\" data-widget_type=\"spacer.default\">\n\t\t\t\t<div class=\"elementor-widget-container\">\n\t\t\t\t\t\t\t<div class=\"elementor-spacer\">\n\t\t\t<div class=\"elementor-spacer-inner\"><\/div>\n\t\t<\/div>\n\t\t\t\t\t\t<\/div>\n\t\t\t\t<\/div>\n\t\t\t\t\t<\/div>\n\t\t\t\t<\/div>\n\t\t<div class=\"elementor-element elementor-element-4aa452b e-flex e-con-boxed e-con e-parent\" data-id=\"4aa452b\" data-element_type=\"container\" data-e-type=\"container\">\n\t\t\t\t\t<div class=\"e-con-inner\">\n\t\t\t\t<div class=\"elementor-element elementor-element-ab69ed7 elementor-widget elementor-widget-heading\" data-id=\"ab69ed7\" data-element_type=\"widget\" data-e-type=\"widget\" data-widget_type=\"heading.default\">\n\t\t\t\t<div class=\"elementor-widget-container\">\n\t\t\t\t\t<h2 class=\"elementor-heading-title elementor-size-default\">Proc\u00e9dure de demande d\u2019adh\u00e9sion<\/h2>\t\t\t\t<\/div>\n\t\t\t\t<\/div>\n\t\t\t\t\t<\/div>\n\t\t\t\t<\/div>\n\t\t<div class=\"elementor-element elementor-element-0623194 e-flex e-con-boxed e-con e-parent\" data-id=\"0623194\" data-element_type=\"container\" data-e-type=\"container\">\n\t\t\t\t\t<div class=\"e-con-inner\">\n\t\t\t\t<div class=\"elementor-element elementor-element-a66da09 elementor-widget elementor-widget-text-editor\" data-id=\"a66da09\" data-element_type=\"widget\" data-e-type=\"widget\" data-widget_type=\"text-editor.default\">\n\t\t\t\t<div class=\"elementor-widget-container\">\n\t\t\t\t\t\t\t\t\t<p class=\"translation-block\">Le comit\u00e9 du S\u00e9nat d\u00e9cide de l\u2019admission d\u2019un nouveau membre conform\u00e9ment \u00e0 l\u2019art. 4 des statuts, g\u00e9n\u00e9ralement lors de sa prochaine s\u00e9ance. Un bref CV est requis ; veuillez l\u2019envoyer \u00e0 <a href=\"mailto:info@saphw.ch\" target=\"_self\">info@saphw.ch<\/a>. La facture de la cotisation annuelle sera envoy\u00e9e par courriel apr\u00e8s l\u2019assembl\u00e9e g\u00e9n\u00e9rale annuelle, qui a normalement lieu en avril.<\/p>\t\t\t\t\t\t\t\t<\/div>\n\t\t\t\t<\/div>\n\t\t\t\t\t<\/div>\n\t\t\t\t<\/div>\n\t\t<div class=\"elementor-element elementor-element-0c3a833 e-flex e-con-boxed e-con e-parent\" data-id=\"0c3a833\" data-element_type=\"container\" data-e-type=\"container\">\n\t\t\t\t\t<div class=\"e-con-inner\">\n\t\t\t\t<div class=\"elementor-element elementor-element-c1f7ee3 elementor-widget elementor-widget-heading\" data-id=\"c1f7ee3\" data-element_type=\"widget\" data-e-type=\"widget\" data-widget_type=\"heading.default\">\n\t\t\t\t<div class=\"elementor-widget-container\">\n\t\t\t\t\t<h2 class=\"elementor-heading-title elementor-size-default\">Cat\u00e9gories de membres et cotisations 2025<\/h2>\t\t\t\t<\/div>\n\t\t\t\t<\/div>\n\t\t\t\t\t<\/div>\n\t\t\t\t<\/div>\n\t\t<div class=\"elementor-element elementor-element-88c2dd9 e-flex e-con-boxed e-con e-parent\" data-id=\"88c2dd9\" data-element_type=\"container\" data-e-type=\"container\">\n\t\t\t\t\t<div class=\"e-con-inner\">\n\t\t\t\t<div class=\"elementor-element elementor-element-115b0fd elementor-widget elementor-widget-oew-price-list\" data-id=\"115b0fd\" data-element_type=\"widget\" data-e-type=\"widget\" data-widget_type=\"oew-price-list.default\">\n\t\t\t\t<div class=\"elementor-widget-container\">\n\t\t\t\t\t\n\t\t<div class=\"oew-price-list oew-price-list-side\">\n\n\t\t\t\n\t\t\t\t\t<a class=\"oew-price-list-item\" href=\"#\">\n\n\t\t\t\t\t\t\t\t\t\n\t\t\t\t\t<div class=\"oew-price-list-text\">\n\n\t\t\t\t\t\t<div class=\"oew-price-list-header\">\n\n\t\t\t\t\t\t\t<span class=\"oew-price-list-title\">Membres de soutien (Statuts art. 6)<\/span>\n\n\t\t\t\t\t\t\t\t\t\t\t\t\t\t\t<span class=\"oew-price-list-separator\"><\/span>\n\t\t\t\t\t\t\t\n\t\t<div class=\"oew-price-list-price-wrap\">\n\t\t\t\n\t\t\t<span class=\"oew-price-list-price\">CHF 50<\/span>\n\t\t<\/div>\n\n\t\n\t\t\t\t\t\t<\/div>\n\n\t\t\t\t\t\t\t\t\t\t\t\t\t<p class=\"oew-price-list-description\">Personnes physiques ou morales ; pharmaciens et pharmaciennes, chercheurs d\u2019autres disciplines titulaires d\u2019un dipl\u00f4me universitaire travaillant dans le domaine des sciences pharmaceutiques reconnues ; personnes morales actives dans le domaine de la recherche pharmaceutique.<\/p>\n\t\t\t\t\t\t\n\t\t\t\t\t<\/div>\n\n\t\t\t\t\t\t\t\t\t<\/a>\n\t\t\t\t\n\t\t\t\n\t\t\t\t\t<a class=\"oew-price-list-item\" href=\"#\">\n\n\t\t\t\t\t\t\t\t\t\n\t\t\t\t\t<div class=\"oew-price-list-text\">\n\n\t\t\t\t\t\t<div class=\"oew-price-list-header\">\n\n\t\t\t\t\t\t\t<span class=\"oew-price-list-title\">Membres de soutien \u00e9tudiants<\/span>\n\n\t\t\t\t\t\t\t\t\t\t\t\t\t\t\t<span class=\"oew-price-list-separator\"><\/span>\n\t\t\t\t\t\t\t\n\t\t<div class=\"oew-price-list-price-wrap\">\n\t\t\t\n\t\t\t<span class=\"oew-price-list-price\">CHF 25<\/span>\n\t\t<\/div>\n\n\t\n\t\t\t\t\t\t<\/div>\n\n\t\t\t\t\t\t\t\t\t\t\t\t\t<p class=\"oew-price-list-description\">\u00c9tudiants en pharmacie (\u00e0 partir du BSc) et doctorants.<\/p>\n\t\t\t\t\t\t\n\t\t\t\t\t<\/div>\n\n\t\t\t\t\t\t\t\t\t<\/a>\n\t\t\t\t\n\t\t\t\n\t\t\t\t\t<a class=\"oew-price-list-item\" href=\"#\">\n\n\t\t\t\t\t\t\t\t\t\n\t\t\t\t\t<div class=\"oew-price-list-text\">\n\n\t\t\t\t\t\t<div class=\"oew-price-list-header\">\n\n\t\t\t\t\t\t\t<span class=\"oew-price-list-title\">Membres collectifs (Statuts art. 5)<\/span>\n\n\t\t\t\t\t\t\t\t\t\t\t\t\t\t\t<span class=\"oew-price-list-separator\"><\/span>\n\t\t\t\t\t\t\t\n\t\t<div class=\"oew-price-list-price-wrap\">\n\t\t\t\n\t\t\t<span class=\"oew-price-list-price\">Cotisation fix\u00e9e individuellement<\/span>\n\t\t<\/div>\n\n\t\n\t\t\t\t\t\t<\/div>\n\n\t\t\t\t\t\t\t\t\t\t\t\t\t<p class=\"oew-price-list-description\">Soci\u00e9t\u00e9s sp\u00e9cialis\u00e9es, associations professionnelles, institutions acad\u00e9miques et entreprises dans le domaine de la recherche pharmaceutique.<\/p>\n\t\t\t\t\t\t\n\t\t\t\t\t<\/div>\n\n\t\t\t\t\t\t\t\t\t<\/a>\n\t\t\t\t\n\t\t\t\n\t\t<\/div>\n\n\t\t\t\t\t<\/div>\n\t\t\t\t<\/div>\n\t\t\t\t\t<\/div>\n\t\t\t\t<\/div>\n\t\t<div class=\"elementor-element elementor-element-03da2c4 e-flex e-con-boxed e-con e-parent\" data-id=\"03da2c4\" data-element_type=\"container\" data-e-type=\"container\">\n\t\t\t\t\t<div class=\"e-con-inner\">\n\t\t\t\t<div class=\"elementor-element elementor-element-adb5bd7 elementor-widget elementor-widget-spacer\" data-id=\"adb5bd7\" data-element_type=\"widget\" data-e-type=\"widget\" data-widget_type=\"spacer.default\">\n\t\t\t\t<div class=\"elementor-widget-container\">\n\t\t\t\t\t\t\t<div class=\"elementor-spacer\">\n\t\t\t<div class=\"elementor-spacer-inner\"><\/div>\n\t\t<\/div>\n\t\t\t\t\t\t<\/div>\n\t\t\t\t<\/div>\n\t\t\t\t\t<\/div>\n\t\t\t\t<\/div>\n\t\t<div class=\"elementor-element elementor-element-708c02f e-flex e-con-boxed e-con e-parent\" data-id=\"708c02f\" data-element_type=\"container\" data-e-type=\"container\">\n\t\t\t\t\t<div class=\"e-con-inner\">\n\t\t\t\t<div class=\"elementor-element elementor-element-6e48c12 elementor-widget elementor-widget-heading\" data-id=\"6e48c12\" data-element_type=\"widget\" data-e-type=\"widget\" data-widget_type=\"heading.default\">\n\t\t\t\t<div class=\"elementor-widget-container\">\n\t\t\t\t\t<h2 class=\"elementor-heading-title elementor-size-default\">Devenir membre maintenant<\/h2>\t\t\t\t<\/div>\n\t\t\t\t<\/div>\n\t\t\t\t\t<\/div>\n\t\t\t\t<\/div>\n\t\t<div class=\"elementor-element elementor-element-e4c5a8b e-flex e-con-boxed e-con e-parent\" data-id=\"e4c5a8b\" data-element_type=\"container\" data-e-type=\"container\">\n\t\t\t\t\t<div class=\"e-con-inner\">\n\t\t\t\t<div class=\"elementor-element elementor-element-feab124 elementor-widget elementor-widget-text-editor\" data-id=\"feab124\" data-element_type=\"widget\" data-e-type=\"widget\" data-widget_type=\"text-editor.default\">\n\t\t\t\t<div class=\"elementor-widget-container\">\n\t\t\t\t\t\t\t\t\t<p>Veuillez envoyer un CV bref pour l\u2019inscription \u00e0\u202f <a href=\"mailto:info@saphw.ch\">info@saphw.ch<\/a>.<\/p>\t\t\t\t\t\t\t\t<\/div>\n\t\t\t\t<\/div>\n\t\t\t\t\t<\/div>\n\t\t\t\t<\/div>\n\t\t\t\t<\/div>","protected":false},"excerpt":{"rendered":"<p>Mitgliedschaft Die SAPhW f\u00f6rdert seit Jahrzehnten die pharmazeutische Wissenschaft in der Schweiz \u2013 interdisziplin\u00e4r, unabh\u00e4ngig und zukunftsgerichtet. Als Mitglied bist du Teil eines engagierten Netzwerks von Forscherinnen, Apothekerinnen, Studierenden und Entscheidungstr\u00e4gerinnen aus Wissenschaft und Praxis. Vorteile einer SAPhW-Mitgliedschaft \u2666\u00a0F\u00f6rderung des wissenschaftlichen AustauschsEin Zugang zu einem aktiven Netzwerk aus Forschung, Industrie und Praxis wird erm\u00f6glicht. \u2666\u00a0Plattform [&hellip;]<\/p>\n","protected":false},"author":3,"featured_media":0,"parent":0,"menu_order":0,"comment_status":"closed","ping_status":"closed","template":"","meta":{"ocean_post_layout":"","ocean_both_sidebars_style":"","ocean_both_sidebars_content_width":0,"ocean_both_sidebars_sidebars_width":0,"ocean_sidebar":"","ocean_second_sidebar":"","ocean_disable_margins":"enable","ocean_add_body_class":"","ocean_shortcode_before_top_bar":"","ocean_shortcode_after_top_bar":"","ocean_shortcode_before_header":"","ocean_shortcode_after_header":"","ocean_has_shortcode":"","ocean_shortcode_after_title":"","ocean_shortcode_before_footer_widgets":"","ocean_shortcode_after_footer_widgets":"","ocean_shortcode_before_footer_bottom":"","ocean_shortcode_after_footer_bottom":"","ocean_display_top_bar":"default","ocean_display_header":"default","ocean_header_style":"","ocean_center_header_left_menu":"","ocean_custom_header_template":"","ocean_custom_logo":0,"ocean_custom_retina_logo":0,"ocean_custom_logo_max_width":0,"ocean_custom_logo_tablet_max_width":0,"ocean_custom_logo_mobile_max_width":0,"ocean_custom_logo_max_height":0,"ocean_custom_logo_tablet_max_height":0,"ocean_custom_logo_mobile_max_height":0,"ocean_header_custom_menu":"","ocean_menu_typo_font_family":"","ocean_menu_typo_font_subset":"","ocean_menu_typo_font_size":0,"ocean_menu_typo_font_size_tablet":0,"ocean_menu_typo_font_size_mobile":0,"ocean_menu_typo_font_size_unit":"px","ocean_menu_typo_font_weight":"","ocean_menu_typo_font_weight_tablet":"","ocean_menu_typo_font_weight_mobile":"","ocean_menu_typo_transform":"","ocean_menu_typo_transform_tablet":"","ocean_menu_typo_transform_mobile":"","ocean_menu_typo_line_height":0,"ocean_menu_typo_line_height_tablet":0,"ocean_menu_typo_line_height_mobile":0,"ocean_menu_typo_line_height_unit":"","ocean_menu_typo_spacing":0,"ocean_menu_typo_spacing_tablet":0,"ocean_menu_typo_spacing_mobile":0,"ocean_menu_typo_spacing_unit":"","ocean_menu_link_color":"","ocean_menu_link_color_hover":"","ocean_menu_link_color_active":"","ocean_menu_link_background":"","ocean_menu_link_hover_background":"","ocean_menu_link_active_background":"","ocean_menu_social_links_bg":"","ocean_menu_social_hover_links_bg":"","ocean_menu_social_links_color":"","ocean_menu_social_hover_links_color":"","ocean_disable_title":"default","ocean_disable_heading":"default","ocean_post_title":"","ocean_post_subheading":"","ocean_post_title_style":"","ocean_post_title_background_color":"","ocean_post_title_background":0,"ocean_post_title_bg_image_position":"","ocean_post_title_bg_image_attachment":"","ocean_post_title_bg_image_repeat":"","ocean_post_title_bg_image_size":"","ocean_post_title_height":0,"ocean_post_title_bg_overlay":0.5,"ocean_post_title_bg_overlay_color":"","ocean_disable_breadcrumbs":"default","ocean_breadcrumbs_color":"","ocean_breadcrumbs_separator_color":"","ocean_breadcrumbs_links_color":"","ocean_breadcrumbs_links_hover_color":"","ocean_display_footer_widgets":"default","ocean_display_footer_bottom":"default","ocean_custom_footer_template":"","ofc_meta_disable_footer_callout":"","ofc_meta_callout_button_url":"","ofc_meta_callout_button_txt":"","ofc_meta_callout_text":"","osh_disable_topbar_sticky":"default","osh_disable_header_sticky":"default","osh_sticky_header_style":"default","osh_sticky_header_effect":"","osh_custom_sticky_logo":0,"osh_custom_retina_sticky_logo":0,"osh_custom_sticky_logo_height":0,"osh_background_color":"","osh_links_color":"","osh_links_hover_color":"","osh_links_active_color":"","osh_links_bg_color":"","osh_links_hover_bg_color":"","osh_links_active_bg_color":"","osh_menu_social_links_color":"","osh_menu_social_hover_links_color":"","footnotes":""},"class_list":["post-1358","page","type-page","status-publish","hentry","entry"],"yoast_head":"<!-- This site is optimized with the Yoast SEO plugin v27.4 - https:\/\/yoast.com\/product\/yoast-seo-wordpress\/ -->\n<title>Mitglied werden - Schweizerische Akademie der Pharmazeutischen Wissenschaften<\/title>\n<meta name=\"robots\" content=\"index, follow, max-snippet:-1, max-image-preview:large, max-video-preview:-1\" \/>\n<link rel=\"canonical\" href=\"https:\/\/www.saphw.ch\/fr\/mitglied-werden\/\" \/>\n<meta property=\"og:locale\" content=\"fr_FR\" \/>\n<meta property=\"og:type\" content=\"article\" \/>\n<meta property=\"og:title\" content=\"Mitglied werden - Schweizerische Akademie der Pharmazeutischen Wissenschaften\" \/>\n<meta property=\"og:description\" content=\"Mitgliedschaft Die SAPhW f\u00f6rdert seit Jahrzehnten die pharmazeutische Wissenschaft in der Schweiz \u2013 interdisziplin\u00e4r, unabh\u00e4ngig und zukunftsgerichtet. Als Mitglied bist du Teil eines engagierten Netzwerks von Forscherinnen, Apothekerinnen, Studierenden und Entscheidungstr\u00e4gerinnen aus Wissenschaft und Praxis. Vorteile einer SAPhW-Mitgliedschaft \u2666\u00a0F\u00f6rderung des wissenschaftlichen AustauschsEin Zugang zu einem aktiven Netzwerk aus Forschung, Industrie und Praxis wird erm\u00f6glicht. \u2666\u00a0Plattform [&hellip;]\" \/>\n<meta property=\"og:url\" content=\"https:\/\/www.saphw.ch\/fr\/mitglied-werden\/\" \/>\n<meta property=\"og:site_name\" content=\"Schweizerische Akademie der Pharmazeutischen Wissenschaften\" \/>\n<meta property=\"article:modified_time\" content=\"2025-10-28T00:03:04+00:00\" \/>\n<meta name=\"twitter:card\" content=\"summary_large_image\" \/>\n<meta name=\"twitter:label1\" content=\"Dur\u00e9e de lecture estim\u00e9e\" \/>\n\t<meta name=\"twitter:data1\" content=\"2 minutes\" \/>\n<script type=\"application\/ld+json\" class=\"yoast-schema-graph\">{\"@context\":\"https:\\\/\\\/schema.org\",\"@graph\":[{\"@type\":\"WebPage\",\"@id\":\"https:\\\/\\\/www.saphw.ch\\\/mitglied-werden\\\/\",\"url\":\"https:\\\/\\\/www.saphw.ch\\\/mitglied-werden\\\/\",\"name\":\"Mitglied werden - Schweizerische Akademie der Pharmazeutischen Wissenschaften\",\"isPartOf\":{\"@id\":\"https:\\\/\\\/www.saphw.ch\\\/de_ch\\\/#website\"},\"datePublished\":\"2025-04-26T07:08:22+00:00\",\"dateModified\":\"2025-10-28T00:03:04+00:00\",\"breadcrumb\":{\"@id\":\"https:\\\/\\\/www.saphw.ch\\\/mitglied-werden\\\/#breadcrumb\"},\"inLanguage\":\"fr-FR\",\"potentialAction\":[{\"@type\":\"ReadAction\",\"target\":[\"https:\\\/\\\/www.saphw.ch\\\/mitglied-werden\\\/\"]}]},{\"@type\":\"BreadcrumbList\",\"@id\":\"https:\\\/\\\/www.saphw.ch\\\/mitglied-werden\\\/#breadcrumb\",\"itemListElement\":[{\"@type\":\"ListItem\",\"position\":1,\"name\":\"Home\",\"item\":\"https:\\\/\\\/www.saphw.ch\\\/\"},{\"@type\":\"ListItem\",\"position\":2,\"name\":\"Mitglied werden\"}]},{\"@type\":\"WebSite\",\"@id\":\"https:\\\/\\\/www.saphw.ch\\\/de_ch\\\/#website\",\"url\":\"https:\\\/\\\/www.saphw.ch\\\/de_ch\\\/\",\"name\":\"Schweizerische Akademie der Pharmazeutischen Wissenschaften\",\"description\":\"\",\"publisher\":{\"@id\":\"https:\\\/\\\/www.saphw.ch\\\/de_ch\\\/#organization\"},\"potentialAction\":[{\"@type\":\"SearchAction\",\"target\":{\"@type\":\"EntryPoint\",\"urlTemplate\":\"https:\\\/\\\/www.saphw.ch\\\/de_ch\\\/?s={search_term_string}\"},\"query-input\":{\"@type\":\"PropertyValueSpecification\",\"valueRequired\":true,\"valueName\":\"search_term_string\"}}],\"inLanguage\":\"fr-FR\"},{\"@type\":\"Organization\",\"@id\":\"https:\\\/\\\/www.saphw.ch\\\/de_ch\\\/#organization\",\"name\":\"Schweizerische Akademie der Pharmazeutischen Wissenschaften\",\"url\":\"https:\\\/\\\/www.saphw.ch\\\/de_ch\\\/\",\"logo\":{\"@type\":\"ImageObject\",\"inLanguage\":\"fr-FR\",\"@id\":\"https:\\\/\\\/www.saphw.ch\\\/de_ch\\\/#\\\/schema\\\/logo\\\/image\\\/\",\"url\":\"https:\\\/\\\/www.saphw.ch\\\/wp-content\\\/uploads\\\/2025\\\/05\\\/Logo_navbar.png\",\"contentUrl\":\"https:\\\/\\\/www.saphw.ch\\\/wp-content\\\/uploads\\\/2025\\\/05\\\/Logo_navbar.png\",\"width\":800,\"height\":351,\"caption\":\"Schweizerische Akademie der Pharmazeutischen Wissenschaften\"},\"image\":{\"@id\":\"https:\\\/\\\/www.saphw.ch\\\/de_ch\\\/#\\\/schema\\\/logo\\\/image\\\/\"}}]}<\/script>\n<!-- \/ Yoast SEO plugin. -->","yoast_head_json":{"title":"Mitglied werden - Schweizerische Akademie der Pharmazeutischen Wissenschaften","robots":{"index":"index","follow":"follow","max-snippet":"max-snippet:-1","max-image-preview":"max-image-preview:large","max-video-preview":"max-video-preview:-1"},"canonical":"https:\/\/www.saphw.ch\/fr\/mitglied-werden\/","og_locale":"fr_FR","og_type":"article","og_title":"Mitglied werden - Schweizerische Akademie der Pharmazeutischen Wissenschaften","og_description":"Mitgliedschaft Die SAPhW f\u00f6rdert seit Jahrzehnten die pharmazeutische Wissenschaft in der Schweiz \u2013 interdisziplin\u00e4r, unabh\u00e4ngig und zukunftsgerichtet. Als Mitglied bist du Teil eines engagierten Netzwerks von Forscherinnen, Apothekerinnen, Studierenden und Entscheidungstr\u00e4gerinnen aus Wissenschaft und Praxis. Vorteile einer SAPhW-Mitgliedschaft \u2666\u00a0F\u00f6rderung des wissenschaftlichen AustauschsEin Zugang zu einem aktiven Netzwerk aus Forschung, Industrie und Praxis wird erm\u00f6glicht. \u2666\u00a0Plattform [&hellip;]","og_url":"https:\/\/www.saphw.ch\/fr\/mitglied-werden\/","og_site_name":"Schweizerische Akademie der Pharmazeutischen Wissenschaften","article_modified_time":"2025-10-28T00:03:04+00:00","twitter_card":"summary_large_image","twitter_misc":{"Dur\u00e9e de lecture estim\u00e9e":"2 minutes"},"schema":{"@context":"https:\/\/schema.org","@graph":[{"@type":"WebPage","@id":"https:\/\/www.saphw.ch\/mitglied-werden\/","url":"https:\/\/www.saphw.ch\/mitglied-werden\/","name":"Mitglied werden - Schweizerische Akademie der Pharmazeutischen Wissenschaften","isPartOf":{"@id":"https:\/\/www.saphw.ch\/de_ch\/#website"},"datePublished":"2025-04-26T07:08:22+00:00","dateModified":"2025-10-28T00:03:04+00:00","breadcrumb":{"@id":"https:\/\/www.saphw.ch\/mitglied-werden\/#breadcrumb"},"inLanguage":"fr-FR","potentialAction":[{"@type":"ReadAction","target":["https:\/\/www.saphw.ch\/mitglied-werden\/"]}]},{"@type":"BreadcrumbList","@id":"https:\/\/www.saphw.ch\/mitglied-werden\/#breadcrumb","itemListElement":[{"@type":"ListItem","position":1,"name":"Home","item":"https:\/\/www.saphw.ch\/"},{"@type":"ListItem","position":2,"name":"Mitglied werden"}]},{"@type":"WebSite","@id":"https:\/\/www.saphw.ch\/de_ch\/#website","url":"https:\/\/www.saphw.ch\/de_ch\/","name":"Acad\u00e9mie Suisse des Sciences Pharmaceutiques","description":"","publisher":{"@id":"https:\/\/www.saphw.ch\/de_ch\/#organization"},"potentialAction":[{"@type":"SearchAction","target":{"@type":"EntryPoint","urlTemplate":"https:\/\/www.saphw.ch\/de_ch\/?s={search_term_string}"},"query-input":{"@type":"PropertyValueSpecification","valueRequired":true,"valueName":"search_term_string"}}],"inLanguage":"fr-FR"},{"@type":"Organization","@id":"https:\/\/www.saphw.ch\/de_ch\/#organization","name":"Acad\u00e9mie Suisse des Sciences Pharmaceutiques","url":"https:\/\/www.saphw.ch\/de_ch\/","logo":{"@type":"ImageObject","inLanguage":"fr-FR","@id":"https:\/\/www.saphw.ch\/de_ch\/#\/schema\/logo\/image\/","url":"https:\/\/www.saphw.ch\/wp-content\/uploads\/2025\/05\/Logo_navbar.png","contentUrl":"https:\/\/www.saphw.ch\/wp-content\/uploads\/2025\/05\/Logo_navbar.png","width":800,"height":351,"caption":"Schweizerische Akademie der Pharmazeutischen Wissenschaften"},"image":{"@id":"https:\/\/www.saphw.ch\/de_ch\/#\/schema\/logo\/image\/"}}]}},"_links":{"self":[{"href":"https:\/\/www.saphw.ch\/fr\/wp-json\/wp\/v2\/pages\/1358","targetHints":{"allow":["GET"]}}],"collection":[{"href":"https:\/\/www.saphw.ch\/fr\/wp-json\/wp\/v2\/pages"}],"about":[{"href":"https:\/\/www.saphw.ch\/fr\/wp-json\/wp\/v2\/types\/page"}],"author":[{"embeddable":true,"href":"https:\/\/www.saphw.ch\/fr\/wp-json\/wp\/v2\/users\/3"}],"replies":[{"embeddable":true,"href":"https:\/\/www.saphw.ch\/fr\/wp-json\/wp\/v2\/comments?post=1358"}],"version-history":[{"count":46,"href":"https:\/\/www.saphw.ch\/fr\/wp-json\/wp\/v2\/pages\/1358\/revisions"}],"predecessor-version":[{"id":2184,"href":"https:\/\/www.saphw.ch\/fr\/wp-json\/wp\/v2\/pages\/1358\/revisions\/2184"}],"wp:attachment":[{"href":"https:\/\/www.saphw.ch\/fr\/wp-json\/wp\/v2\/media?parent=1358"}],"curies":[{"name":"wp","href":"https:\/\/api.w.org\/{rel}","templated":true}]}}