{"id":831,"date":"2025-03-31T13:31:45","date_gmt":"2025-03-31T12:31:45","guid":{"rendered":"https:\/\/new.saphw.ch\/?page_id=831"},"modified":"2025-03-31T13:51:27","modified_gmt":"2025-03-31T12:51:27","slug":"elementor-831","status":"publish","type":"page","link":"https:\/\/www.saphw.ch\/en\/elementor-831\/","title":{"rendered":"Impressum"},"content":{"rendered":"<div data-elementor-type=\"wp-page\" data-elementor-id=\"831\" class=\"elementor elementor-831\" data-elementor-post-type=\"page\">\n\t\t\t\t<div class=\"elementor-element elementor-element-46dc423 e-flex e-con-boxed e-con e-parent\" data-id=\"46dc423\" data-element_type=\"container\" data-e-type=\"container\">\n\t\t\t\t\t<div class=\"e-con-inner\">\n\t\t\t\t<div class=\"elementor-element elementor-element-70de882 elementor-widget elementor-widget-text-editor\" data-id=\"70de882\" data-element_type=\"widget\" data-e-type=\"widget\" data-widget_type=\"text-editor.default\">\n\t\t\t\t<div class=\"elementor-widget-container\">\n\t\t\t\t\t\t\t\t\t<section><div class=\"container\"><div class=\"row mt-4 mb-2\"><div class=\"col-lg-8 mt-2\"><h1>Impressum<\/h1><p>Swiss Academy of Pharmaceutical Sciences<br \/>Sekretariat c\/o Franziska Pereira-Bohren<br \/>Weltpoststrasse 8E<br \/>CH-3015 Bern<\/p><p><a>+41 (0) 79 550 42 43<\/a><\/p><p><a href=\"mailto:info@saphw.ch\">info@saphw.ch<\/a><\/p><h5 class=\"font-weight-normal text-base\" style=\"color: #ea9426;\">Copyright &amp; Limitation of Liability<\/h5><p class=\"translation-block\">The Swiss Academy of Pharmaceutical Sciences retains the copyright to this website and its contents. Content from this website may only be downloaded or copied for personal use.\nAny other use is not permitted. The information provided on this website is non-binding and is offered without any guarantee as to its accuracy or timeliness. To the extent permitted by law, the Swiss Academy of Pharmaceutical Sciences excludes any liability for damages of any kind and for any legal reason arising from or in connection with the use of this website\u2014particularly damages resulting from incorrect, incomplete, or outdated information, or from data loss.<\/p><h5 class=\"font-weight-normal text-base\" style=\"color: #ea9426;\">Data Protection<\/h5><p>This main website of the Swiss Academy of Pharmaceutical Sciences does not use cookies. However, third-party services may use cookies.<\/p><h5 class=\"font-weight-normal text-base\" style=\"color: #ea9426;\">Third-Party Links<\/h5><p class=\"translation-block\">The website of the Swiss Academy of Pharmaceutical Sciences may contain links to third-party content or services. When selecting these links, we ensure the highest quality. Responsibility for the linked websites lies solely with their respective operators. The Swiss Academy of Pharmaceutical Sciences has no influence on, and assumes no responsibility for, the content or layout of the linked pages. Including a link does not imply any endorsement of the content found on the linked pages.\nIt is beyond our capacity to perform continuous monitoring of external links and their content, and therefore such monitoring is not conducted. Please report any legal infringements to info@saphw.ch.\nIf specific legal violations are brought to our attention, we will replace or remove the link as quickly as possible.\nThe Swiss Academy of Pharmaceutical Sciences has no control over how third parties handle customer data collected on their respective websites. Consequently, the Swiss Academy of Pharmaceutical Sciences is not responsible for compliance with data protection regulations on websites linked to from this site.<\/p><h5 class=\"font-weight-normal text-base\" style=\"color: #ea9426;\">Responsible for Concept, Design, Programming &amp; Content Management System<\/h5><p>NetSuccess GmbH<br \/>Bollstrasse 61B<br \/>CH-3076 Worb<\/p><p><a>+41 31 660 30 30<\/a><\/p><p><a href=\"mailto:info@netsuccess.ch\">info@netsuccess.ch<\/a><\/p><\/div><\/div><\/div><\/section>\t\t\t\t\t\t\t\t<\/div>\n\t\t\t\t<\/div>\n\t\t\t\t\t<\/div>\n\t\t\t\t<\/div>\n\t\t\t\t<\/div>","protected":false},"excerpt":{"rendered":"<p>Impressum Schweizerische Akademie der Pharmazeutischen WissenschaftenSekretariat c\/o Franziska Pereira-BohrenWeltpoststrasse 8ECH-3015 Bern +41 (0) 79 550 42 43 info@saphw.ch Urheberrecht &amp; Haftungsbegrenzung Die Schweizerische Akademie der Pharmazeutischen Wissenschaften beh\u00e4lt sich das Urheberrecht an dieser Internetseite und deren Inhalten vor. Inhalte dieser Internetseite d\u00fcrfen nur f\u00fcr den Eigengebrauch heruntergeladen oder kopiert werden.Jede anderweitige Nutzung ist nicht gestattet. [&hellip;]<\/p>\n","protected":false},"author":1,"featured_media":0,"parent":0,"menu_order":0,"comment_status":"closed","ping_status":"closed","template":"","meta":{"ocean_post_layout":"","ocean_both_sidebars_style":"","ocean_both_sidebars_content_width":0,"ocean_both_sidebars_sidebars_width":0,"ocean_sidebar":"","ocean_second_sidebar":"","ocean_disable_margins":"enable","ocean_add_body_class":"","ocean_shortcode_before_top_bar":"","ocean_shortcode_after_top_bar":"","ocean_shortcode_before_header":"","ocean_shortcode_after_header":"","ocean_has_shortcode":"","ocean_shortcode_after_title":"","ocean_shortcode_before_footer_widgets":"","ocean_shortcode_after_footer_widgets":"","ocean_shortcode_before_footer_bottom":"","ocean_shortcode_after_footer_bottom":"","ocean_display_top_bar":"default","ocean_display_header":"default","ocean_header_style":"","ocean_center_header_left_menu":"","ocean_custom_header_template":"","ocean_custom_logo":0,"ocean_custom_retina_logo":0,"ocean_custom_logo_max_width":0,"ocean_custom_logo_tablet_max_width":0,"ocean_custom_logo_mobile_max_width":0,"ocean_custom_logo_max_height":0,"ocean_custom_logo_tablet_max_height":0,"ocean_custom_logo_mobile_max_height":0,"ocean_header_custom_menu":"","ocean_menu_typo_font_family":"","ocean_menu_typo_font_subset":"","ocean_menu_typo_font_size":0,"ocean_menu_typo_font_size_tablet":0,"ocean_menu_typo_font_size_mobile":0,"ocean_menu_typo_font_size_unit":"px","ocean_menu_typo_font_weight":"","ocean_menu_typo_font_weight_tablet":"","ocean_menu_typo_font_weight_mobile":"","ocean_menu_typo_transform":"","ocean_menu_typo_transform_tablet":"","ocean_menu_typo_transform_mobile":"","ocean_menu_typo_line_height":0,"ocean_menu_typo_line_height_tablet":0,"ocean_menu_typo_line_height_mobile":0,"ocean_menu_typo_line_height_unit":"","ocean_menu_typo_spacing":0,"ocean_menu_typo_spacing_tablet":0,"ocean_menu_typo_spacing_mobile":0,"ocean_menu_typo_spacing_unit":"","ocean_menu_link_color":"","ocean_menu_link_color_hover":"","ocean_menu_link_color_active":"","ocean_menu_link_background":"","ocean_menu_link_hover_background":"","ocean_menu_link_active_background":"","ocean_menu_social_links_bg":"","ocean_menu_social_hover_links_bg":"","ocean_menu_social_links_color":"","ocean_menu_social_hover_links_color":"","ocean_disable_title":"default","ocean_disable_heading":"default","ocean_post_title":"","ocean_post_subheading":"","ocean_post_title_style":"","ocean_post_title_background_color":"","ocean_post_title_background":0,"ocean_post_title_bg_image_position":"","ocean_post_title_bg_image_attachment":"","ocean_post_title_bg_image_repeat":"","ocean_post_title_bg_image_size":"","ocean_post_title_height":0,"ocean_post_title_bg_overlay":0.5,"ocean_post_title_bg_overlay_color":"","ocean_disable_breadcrumbs":"default","ocean_breadcrumbs_color":"","ocean_breadcrumbs_separator_color":"","ocean_breadcrumbs_links_color":"","ocean_breadcrumbs_links_hover_color":"","ocean_display_footer_widgets":"default","ocean_display_footer_bottom":"default","ocean_custom_footer_template":"","ofc_meta_disable_footer_callout":"","ofc_meta_callout_button_url":"","ofc_meta_callout_button_txt":"","ofc_meta_callout_text":"","osh_disable_topbar_sticky":"default","osh_disable_header_sticky":"default","osh_sticky_header_style":"default","osh_sticky_header_effect":"","osh_custom_sticky_logo":0,"osh_custom_retina_sticky_logo":0,"osh_custom_sticky_logo_height":0,"osh_background_color":"","osh_links_color":"","osh_links_hover_color":"","osh_links_active_color":"","osh_links_bg_color":"","osh_links_hover_bg_color":"","osh_links_active_bg_color":"","osh_menu_social_links_color":"","osh_menu_social_hover_links_color":"","footnotes":""},"class_list":["post-831","page","type-page","status-publish","hentry","entry"],"yoast_head":"<!-- This site is optimized with the Yoast SEO plugin v27.4 - https:\/\/yoast.com\/product\/yoast-seo-wordpress\/ -->\n<title>Impressum - Schweizerische Akademie der Pharmazeutischen Wissenschaften<\/title>\n<meta name=\"robots\" content=\"index, follow, max-snippet:-1, max-image-preview:large, max-video-preview:-1\" \/>\n<link rel=\"canonical\" href=\"https:\/\/www.saphw.ch\/en\/elementor-831\/\" \/>\n<meta property=\"og:locale\" content=\"en_US\" \/>\n<meta property=\"og:type\" content=\"article\" \/>\n<meta property=\"og:title\" content=\"Impressum - Schweizerische Akademie der Pharmazeutischen Wissenschaften\" \/>\n<meta property=\"og:description\" content=\"Impressum Schweizerische Akademie der Pharmazeutischen WissenschaftenSekretariat c\/o Franziska Pereira-BohrenWeltpoststrasse 8ECH-3015 Bern +41 (0) 79 550 42 43 info@saphw.ch Urheberrecht &amp; Haftungsbegrenzung Die Schweizerische Akademie der Pharmazeutischen Wissenschaften beh\u00e4lt sich das Urheberrecht an dieser Internetseite und deren Inhalten vor. Inhalte dieser Internetseite d\u00fcrfen nur f\u00fcr den Eigengebrauch heruntergeladen oder kopiert werden.Jede anderweitige Nutzung ist nicht gestattet. [&hellip;]\" \/>\n<meta property=\"og:url\" content=\"https:\/\/www.saphw.ch\/en\/elementor-831\/\" \/>\n<meta property=\"og:site_name\" content=\"Schweizerische Akademie der Pharmazeutischen Wissenschaften\" \/>\n<meta property=\"article:modified_time\" content=\"2025-03-31T12:51:27+00:00\" \/>\n<meta name=\"twitter:card\" content=\"summary_large_image\" \/>\n<meta name=\"twitter:label1\" content=\"Est. reading time\" \/>\n\t<meta name=\"twitter:data1\" content=\"2 minutes\" \/>\n<script type=\"application\/ld+json\" class=\"yoast-schema-graph\">{\"@context\":\"https:\\\/\\\/schema.org\",\"@graph\":[{\"@type\":\"WebPage\",\"@id\":\"https:\\\/\\\/www.saphw.ch\\\/elementor-831\\\/\",\"url\":\"https:\\\/\\\/www.saphw.ch\\\/elementor-831\\\/\",\"name\":\"Impressum - Schweizerische Akademie der Pharmazeutischen Wissenschaften\",\"isPartOf\":{\"@id\":\"https:\\\/\\\/www.saphw.ch\\\/de_ch\\\/#website\"},\"datePublished\":\"2025-03-31T12:31:45+00:00\",\"dateModified\":\"2025-03-31T12:51:27+00:00\",\"breadcrumb\":{\"@id\":\"https:\\\/\\\/www.saphw.ch\\\/elementor-831\\\/#breadcrumb\"},\"inLanguage\":\"en-US\",\"potentialAction\":[{\"@type\":\"ReadAction\",\"target\":[\"https:\\\/\\\/www.saphw.ch\\\/elementor-831\\\/\"]}]},{\"@type\":\"BreadcrumbList\",\"@id\":\"https:\\\/\\\/www.saphw.ch\\\/elementor-831\\\/#breadcrumb\",\"itemListElement\":[{\"@type\":\"ListItem\",\"position\":1,\"name\":\"Home\",\"item\":\"https:\\\/\\\/www.saphw.ch\\\/\"},{\"@type\":\"ListItem\",\"position\":2,\"name\":\"Impressum\"}]},{\"@type\":\"WebSite\",\"@id\":\"https:\\\/\\\/www.saphw.ch\\\/de_ch\\\/#website\",\"url\":\"https:\\\/\\\/www.saphw.ch\\\/de_ch\\\/\",\"name\":\"Schweizerische Akademie der Pharmazeutischen Wissenschaften\",\"description\":\"\",\"publisher\":{\"@id\":\"https:\\\/\\\/www.saphw.ch\\\/de_ch\\\/#organization\"},\"potentialAction\":[{\"@type\":\"SearchAction\",\"target\":{\"@type\":\"EntryPoint\",\"urlTemplate\":\"https:\\\/\\\/www.saphw.ch\\\/de_ch\\\/?s={search_term_string}\"},\"query-input\":{\"@type\":\"PropertyValueSpecification\",\"valueRequired\":true,\"valueName\":\"search_term_string\"}}],\"inLanguage\":\"en-US\"},{\"@type\":\"Organization\",\"@id\":\"https:\\\/\\\/www.saphw.ch\\\/de_ch\\\/#organization\",\"name\":\"Schweizerische Akademie der Pharmazeutischen Wissenschaften\",\"url\":\"https:\\\/\\\/www.saphw.ch\\\/de_ch\\\/\",\"logo\":{\"@type\":\"ImageObject\",\"inLanguage\":\"en-US\",\"@id\":\"https:\\\/\\\/www.saphw.ch\\\/de_ch\\\/#\\\/schema\\\/logo\\\/image\\\/\",\"url\":\"https:\\\/\\\/www.saphw.ch\\\/wp-content\\\/uploads\\\/2025\\\/05\\\/Logo_navbar.png\",\"contentUrl\":\"https:\\\/\\\/www.saphw.ch\\\/wp-content\\\/uploads\\\/2025\\\/05\\\/Logo_navbar.png\",\"width\":800,\"height\":351,\"caption\":\"Schweizerische Akademie der Pharmazeutischen Wissenschaften\"},\"image\":{\"@id\":\"https:\\\/\\\/www.saphw.ch\\\/de_ch\\\/#\\\/schema\\\/logo\\\/image\\\/\"}}]}<\/script>\n<!-- \/ Yoast SEO plugin. -->","yoast_head_json":{"title":"Impressum - Schweizerische Akademie der Pharmazeutischen Wissenschaften","robots":{"index":"index","follow":"follow","max-snippet":"max-snippet:-1","max-image-preview":"max-image-preview:large","max-video-preview":"max-video-preview:-1"},"canonical":"https:\/\/www.saphw.ch\/en\/elementor-831\/","og_locale":"en_US","og_type":"article","og_title":"Impressum - Schweizerische Akademie der Pharmazeutischen Wissenschaften","og_description":"Impressum Schweizerische Akademie der Pharmazeutischen WissenschaftenSekretariat c\/o Franziska Pereira-BohrenWeltpoststrasse 8ECH-3015 Bern +41 (0) 79 550 42 43 info@saphw.ch Urheberrecht &amp; Haftungsbegrenzung Die Schweizerische Akademie der Pharmazeutischen Wissenschaften beh\u00e4lt sich das Urheberrecht an dieser Internetseite und deren Inhalten vor. Inhalte dieser Internetseite d\u00fcrfen nur f\u00fcr den Eigengebrauch heruntergeladen oder kopiert werden.Jede anderweitige Nutzung ist nicht gestattet. [&hellip;]","og_url":"https:\/\/www.saphw.ch\/en\/elementor-831\/","og_site_name":"Schweizerische Akademie der Pharmazeutischen Wissenschaften","article_modified_time":"2025-03-31T12:51:27+00:00","twitter_card":"summary_large_image","twitter_misc":{"Est. reading time":"2 minutes"},"schema":{"@context":"https:\/\/schema.org","@graph":[{"@type":"WebPage","@id":"https:\/\/www.saphw.ch\/elementor-831\/","url":"https:\/\/www.saphw.ch\/elementor-831\/","name":"Impressum - Schweizerische Akademie der Pharmazeutischen Wissenschaften","isPartOf":{"@id":"https:\/\/www.saphw.ch\/de_ch\/#website"},"datePublished":"2025-03-31T12:31:45+00:00","dateModified":"2025-03-31T12:51:27+00:00","breadcrumb":{"@id":"https:\/\/www.saphw.ch\/elementor-831\/#breadcrumb"},"inLanguage":"en-US","potentialAction":[{"@type":"ReadAction","target":["https:\/\/www.saphw.ch\/elementor-831\/"]}]},{"@type":"BreadcrumbList","@id":"https:\/\/www.saphw.ch\/elementor-831\/#breadcrumb","itemListElement":[{"@type":"ListItem","position":1,"name":"Home","item":"https:\/\/www.saphw.ch\/"},{"@type":"ListItem","position":2,"name":"Impressum"}]},{"@type":"WebSite","@id":"https:\/\/www.saphw.ch\/de_ch\/#website","url":"https:\/\/www.saphw.ch\/de_ch\/","name":"Swiss Academy of Pharmaceutical Sciences","description":"","publisher":{"@id":"https:\/\/www.saphw.ch\/de_ch\/#organization"},"potentialAction":[{"@type":"SearchAction","target":{"@type":"EntryPoint","urlTemplate":"https:\/\/www.saphw.ch\/de_ch\/?s={search_term_string}"},"query-input":{"@type":"PropertyValueSpecification","valueRequired":true,"valueName":"search_term_string"}}],"inLanguage":"en-US"},{"@type":"Organization","@id":"https:\/\/www.saphw.ch\/de_ch\/#organization","name":"Swiss Academy of Pharmaceutical Sciences","url":"https:\/\/www.saphw.ch\/de_ch\/","logo":{"@type":"ImageObject","inLanguage":"en-US","@id":"https:\/\/www.saphw.ch\/de_ch\/#\/schema\/logo\/image\/","url":"https:\/\/www.saphw.ch\/wp-content\/uploads\/2025\/05\/Logo_navbar.png","contentUrl":"https:\/\/www.saphw.ch\/wp-content\/uploads\/2025\/05\/Logo_navbar.png","width":800,"height":351,"caption":"Schweizerische Akademie der Pharmazeutischen Wissenschaften"},"image":{"@id":"https:\/\/www.saphw.ch\/de_ch\/#\/schema\/logo\/image\/"}}]}},"_links":{"self":[{"href":"https:\/\/www.saphw.ch\/en\/wp-json\/wp\/v2\/pages\/831","targetHints":{"allow":["GET"]}}],"collection":[{"href":"https:\/\/www.saphw.ch\/en\/wp-json\/wp\/v2\/pages"}],"about":[{"href":"https:\/\/www.saphw.ch\/en\/wp-json\/wp\/v2\/types\/page"}],"author":[{"embeddable":true,"href":"https:\/\/www.saphw.ch\/en\/wp-json\/wp\/v2\/users\/1"}],"replies":[{"embeddable":true,"href":"https:\/\/www.saphw.ch\/en\/wp-json\/wp\/v2\/comments?post=831"}],"version-history":[{"count":11,"href":"https:\/\/www.saphw.ch\/en\/wp-json\/wp\/v2\/pages\/831\/revisions"}],"predecessor-version":[{"id":847,"href":"https:\/\/www.saphw.ch\/en\/wp-json\/wp\/v2\/pages\/831\/revisions\/847"}],"wp:attachment":[{"href":"https:\/\/www.saphw.ch\/en\/wp-json\/wp\/v2\/media?parent=831"}],"curies":[{"name":"wp","href":"https:\/\/api.w.org\/{rel}","templated":true}]}}