{"id":170,"date":"2024-10-28T15:01:41","date_gmt":"2024-10-28T14:01:41","guid":{"rendered":"https:\/\/new.saphw.ch\/?page_id=170"},"modified":"2024-10-28T15:18:06","modified_gmt":"2024-10-28T14:18:06","slug":"elementor-170","status":"publish","type":"page","link":"https:\/\/www.saphw.ch\/de_ch\/elementor-170\/","title":{"rendered":"Datenschutzerklaerung"},"content":{"rendered":"\t\t<div data-elementor-type=\"wp-page\" data-elementor-id=\"170\" class=\"elementor elementor-170\" data-elementor-post-type=\"page\">\n\t\t\t\t<div class=\"elementor-element elementor-element-9bc1fe2 e-flex e-con-boxed e-con e-parent\" data-id=\"9bc1fe2\" data-element_type=\"container\" data-e-type=\"container\">\n\t\t\t\t\t<div class=\"e-con-inner\">\n\t\t\t\t<div class=\"elementor-element elementor-element-c063481 elementor-widget elementor-widget-text-editor\" data-id=\"c063481\" data-element_type=\"widget\" data-e-type=\"widget\" data-widget_type=\"text-editor.default\">\n\t\t\t\t<div class=\"elementor-widget-container\">\n\t\t\t\t\t\t\t\t\t<p>DATENSCHUTZERKL\u00c4RUNG <br \/>1. Geltungsbereich <br \/>SAPhW, der Schweizerischen Akademie der Pharmazeutischen Wissenschaften, ist der Schutz von <br \/>pers\u00f6nlichen Daten ein sehr wichtiges Anliegen. Unsere Datenschutzerkl\u00e4rung informiert Sie \u00fcber die <br \/>Art, den Umfang und den Zweck der Erhebung und Verwendung personenbezogener Daten. <\/p><p>2. Datenschutz <br \/>Jede Person hat gem\u00e4ss Artikel 13 der schweizerischen Bundesverfassung sowie den <br \/>datenschutzrechtlichen Bestimmungen des Bundes (Datenschutzgesetz, DSG) Anspruch auf den <br \/>Schutz der Privatsph\u00e4re und dem Schutz vor Missbrauch der pers\u00f6nlichen Daten. Die SAPhW h\u00e4lt sich <br \/>an diese Bestimmungen und behandelt personenbezogene Daten vertraulich. Unsere Datenbank <br \/>befindet auf einem Schweizer Server; zusammen mit unserem Hosting-Provider sch\u00fctzen wir unsere <br \/>Datenbank so gut wie m\u00f6glich vor fremdem Zugriff, Verlusten, Missbrauch oder F\u00e4lschungen. <\/p><p>3. Personenbezogene Daten <br \/>Personenbezogene Daten sind alle Angaben, die sich auf eine bestimmte oder bestimmbare Person <br \/>beziehen. Dazu geh\u00f6ren unter anderem der Name, die E-Mail-Adresse oder andere pers\u00f6nliche <br \/>Informationen, die Sie als Mitglied oder Kandidat der SAPhW in Ihrem pers\u00f6nlichen Profil freiwillig in <br \/>unserer vertraulichen Mitgliederdatenbank hinterlegt haben. Aber auch Daten \u00fcber Freizeit-<br \/>aktivit\u00e4ten, Mitgliedschaften oder Webseiten, die von jemandem aufgerufen wurden, z\u00e4hlen zu <br \/>personenbezogenen Daten. Personenbezogene Daten werden vom Anbieter nur dann erhoben, <br \/>genutzt und weitergegeben, wenn dies gesetzlich erlaubt ist oder der Nutzer in die Datenerhebung <br \/>einwilligt. <\/p><p>4. Kontaktaufnahme <br \/>Bei Kontaktaufnahme mit der SAPhW (beispielsweise per Kontaktformular oder E-Mail) werden Ihre, <br \/>auf freiwilliger Basis \u00fcbermittelten, personenbezogenen Angaben f\u00fcr den Zweck der Bearbeitung, <br \/>sowie f\u00fcr den Fall, dass Anschlussfragen entstehen, gespeichert. <\/p><p>5. Newsletter <br \/>Mit dem Newsletter informieren wir die SAPhW-Mitglieder \u00fcber unsere Neuigkeiten, Angebote und <br \/>Aktivit\u00e4ten. In den SAPhW-Statuten ist eine Kommunikation auf elektronischem Weg explizit <br \/>zugelassen. Deshalb gehen wir generell davon aus, dass Sie mit Eintritt in die SAPhW automatisch der <br \/>Zusendung unserer Newsletter zustimmen. <\/p><p>6. Nutzung von LinkedIn <br \/>Auf der SAPhW-Website sind Komponenten des sozialen Netzwerks LinkedIn integriert. Die <br \/>Betreibergesellschaft von LinkedIn ist die LinkedIn Corporation, 2029 Stierlin Court Mountain View, <br \/>CA 94043, USA. F\u00fcr Datenschutzangelegenheiten ausserhalb der USA ist LinkedIn Ireland, Privacy <br \/>Policy Issues, Wilton Plaza, Wilton Place, Dublin 2, Ireland, zust\u00e4ndig.<\/p><p>Sofern Sie gleichzeitig bei LinkedIn eingeloggt sind, erkennt LinkedIn mit jedem Aufruf unserer Internetseite und w\u00e4hrend der gesamten Dauer des jeweiligen Aufenthaltes auf unserer <br \/>Internetseite, welche konkrete Unterseite unserer Internetseite Sie besuchen. Diese Informationen <br \/>werden durch die LinkedIn-Komponente gesammelt und durch LinkedIn Ihrem LinkedIn-Account <br \/>zugeordnet. Bet\u00e4tigen Sie einen auf unserer Internetseite integrierten LinkedIn-Button, ordnet <br \/>LinkedIn diese Information Ihrem pers\u00f6nlichen LinkedIn-Benutzerkonto zu und speichert diese <br \/>personenbezogenen Daten. Wenn Sie nicht w\u00fcnschen, dass LinkedIn den Besuch der SAPhW-Website <br \/>Ihrem LinkedIn-Konto zuordnen kann, loggen Sie sich bitte aus Ihrem LinkedIn-Konto aus. Die SAPhW <br \/>hat keine Kenntnis vom Inhalt der \u00fcbermittelten Daten sowie deren Nutzung durch LinkedIn. <br \/>Weitere Informationen finden Sie in der Datenschutzerkl\u00e4rung von LinkedIn unter <br \/>https:\/\/www.linkedin.com\/legal\/privacy-policy. <\/p><p>7. Links zu anderen Webseiten <br \/>Die SAPhW-Webseite enth\u00e4lt Links zu anderen Webseiten. Wir haben keinen Einfluss auf die <br \/>Einhaltung der Datenschutzgesetze auf diesen Webseiten. Bitte informieren Sie sich direkt auf der <br \/>jeweiligen Webseite \u00fcber die g\u00fcltige Datenschutzerkl\u00e4rung. <\/p><p>8. Dienstleister und Weitergabe an Dritte <br \/>Wir behalten uns das Recht vor, externe Dienstleister zu beauftragen, uns bei der Ausf\u00fchrung <br \/>unseres Angebots zu unterst\u00fctzen oder Angebote f\u00fcr die SAPhW auszuf\u00fchren. Externe Dienstleister, <br \/>die Daten zwecks der Datenspeicherung erhalten, unterliegen ebenfalls dieser Datenschutz-<br \/>verordnung sowie der vertraglichen Geheimhaltungspflicht. Ihre Daten werden andernfalls nicht an <br \/>Dritte weitergegeben und keinesfalls verkauft. <\/p><p>9. Kontaktadresse <br \/>Wenn Sie weitere Informationen zum Datenschutz ben\u00f6tigen oder m\u00f6chten, dass wir Ihre personen-<br \/>bezogenen Daten l\u00f6schen, kontaktieren Sie uns bitte wie folgt: <br \/>SAPhW \u2013 Schweizerische Akademie der Pharmazeutischen Wissenschaften <br \/>Generalsekretariat <br \/>CH-3006 Bern <br \/>E-Mail: info@saphw.ch <br \/>CH-3006 Bern, 18. Februar 2020<\/p>\t\t\t\t\t\t\t\t<\/div>\n\t\t\t\t<\/div>\n\t\t\t\t\t<\/div>\n\t\t\t\t<\/div>\n\t\t\t\t<\/div>\n\t\t","protected":false},"excerpt":{"rendered":"<p>DATENSCHUTZERKL\u00c4RUNG 1. Geltungsbereich SAPhW, der Schweizerischen Akademie der Pharmazeutischen Wissenschaften, ist der Schutz von pers\u00f6nlichen Daten ein sehr wichtiges Anliegen. Unsere Datenschutzerkl\u00e4rung informiert Sie \u00fcber die Art, den Umfang und den Zweck der Erhebung und Verwendung personenbezogener Daten. 2. Datenschutz Jede Person hat gem\u00e4ss Artikel 13 der schweizerischen Bundesverfassung sowie den datenschutzrechtlichen Bestimmungen des Bundes [&hellip;]<\/p>\n","protected":false},"author":1,"featured_media":0,"parent":0,"menu_order":0,"comment_status":"closed","ping_status":"closed","template":"","meta":{"ocean_post_layout":"","ocean_both_sidebars_style":"","ocean_both_sidebars_content_width":0,"ocean_both_sidebars_sidebars_width":0,"ocean_sidebar":"","ocean_second_sidebar":"","ocean_disable_margins":"enable","ocean_add_body_class":"","ocean_shortcode_before_top_bar":"","ocean_shortcode_after_top_bar":"","ocean_shortcode_before_header":"","ocean_shortcode_after_header":"","ocean_has_shortcode":"","ocean_shortcode_after_title":"","ocean_shortcode_before_footer_widgets":"","ocean_shortcode_after_footer_widgets":"","ocean_shortcode_before_footer_bottom":"","ocean_shortcode_after_footer_bottom":"","ocean_display_top_bar":"default","ocean_display_header":"default","ocean_header_style":"","ocean_center_header_left_menu":"","ocean_custom_header_template":"","ocean_custom_logo":0,"ocean_custom_retina_logo":0,"ocean_custom_logo_max_width":0,"ocean_custom_logo_tablet_max_width":0,"ocean_custom_logo_mobile_max_width":0,"ocean_custom_logo_max_height":0,"ocean_custom_logo_tablet_max_height":0,"ocean_custom_logo_mobile_max_height":0,"ocean_header_custom_menu":"","ocean_menu_typo_font_family":"","ocean_menu_typo_font_subset":"","ocean_menu_typo_font_size":0,"ocean_menu_typo_font_size_tablet":0,"ocean_menu_typo_font_size_mobile":0,"ocean_menu_typo_font_size_unit":"px","ocean_menu_typo_font_weight":"","ocean_menu_typo_font_weight_tablet":"","ocean_menu_typo_font_weight_mobile":"","ocean_menu_typo_transform":"","ocean_menu_typo_transform_tablet":"","ocean_menu_typo_transform_mobile":"","ocean_menu_typo_line_height":0,"ocean_menu_typo_line_height_tablet":0,"ocean_menu_typo_line_height_mobile":0,"ocean_menu_typo_line_height_unit":"","ocean_menu_typo_spacing":0,"ocean_menu_typo_spacing_tablet":0,"ocean_menu_typo_spacing_mobile":0,"ocean_menu_typo_spacing_unit":"","ocean_menu_link_color":"","ocean_menu_link_color_hover":"","ocean_menu_link_color_active":"","ocean_menu_link_background":"","ocean_menu_link_hover_background":"","ocean_menu_link_active_background":"","ocean_menu_social_links_bg":"","ocean_menu_social_hover_links_bg":"","ocean_menu_social_links_color":"","ocean_menu_social_hover_links_color":"","ocean_disable_title":"default","ocean_disable_heading":"default","ocean_post_title":"","ocean_post_subheading":"","ocean_post_title_style":"","ocean_post_title_background_color":"","ocean_post_title_background":0,"ocean_post_title_bg_image_position":"","ocean_post_title_bg_image_attachment":"","ocean_post_title_bg_image_repeat":"","ocean_post_title_bg_image_size":"","ocean_post_title_height":0,"ocean_post_title_bg_overlay":0.5,"ocean_post_title_bg_overlay_color":"","ocean_disable_breadcrumbs":"default","ocean_breadcrumbs_color":"","ocean_breadcrumbs_separator_color":"","ocean_breadcrumbs_links_color":"","ocean_breadcrumbs_links_hover_color":"","ocean_display_footer_widgets":"default","ocean_display_footer_bottom":"default","ocean_custom_footer_template":"","ofc_meta_disable_footer_callout":"","ofc_meta_callout_button_url":"","ofc_meta_callout_button_txt":"","ofc_meta_callout_text":"","osh_disable_topbar_sticky":"default","osh_disable_header_sticky":"default","osh_sticky_header_style":"default","osh_sticky_header_effect":"","osh_custom_sticky_logo":0,"osh_custom_retina_sticky_logo":0,"osh_custom_sticky_logo_height":0,"osh_background_color":"","osh_links_color":"","osh_links_hover_color":"","osh_links_active_color":"","osh_links_bg_color":"","osh_links_hover_bg_color":"","osh_links_active_bg_color":"","osh_menu_social_links_color":"","osh_menu_social_hover_links_color":"","footnotes":""},"class_list":["post-170","page","type-page","status-publish","hentry","entry"],"yoast_head":"<!-- This site is optimized with the Yoast SEO plugin v27.3 - https:\/\/yoast.com\/product\/yoast-seo-wordpress\/ -->\n<title>Datenschutzerklaerung - Schweizerische Akademie der Pharmazeutischen Wissenschaften<\/title>\n<meta name=\"robots\" content=\"index, follow, max-snippet:-1, max-image-preview:large, max-video-preview:-1\" \/>\n<link rel=\"canonical\" href=\"https:\/\/www.saphw.ch\/de_ch\/elementor-170\/\" \/>\n<meta property=\"og:locale\" content=\"de_DE\" \/>\n<meta property=\"og:type\" content=\"article\" \/>\n<meta property=\"og:title\" content=\"Datenschutzerklaerung - Schweizerische Akademie der Pharmazeutischen Wissenschaften\" \/>\n<meta property=\"og:description\" content=\"DATENSCHUTZERKL\u00c4RUNG 1. Geltungsbereich SAPhW, der Schweizerischen Akademie der Pharmazeutischen Wissenschaften, ist der Schutz von pers\u00f6nlichen Daten ein sehr wichtiges Anliegen. Unsere Datenschutzerkl\u00e4rung informiert Sie \u00fcber die Art, den Umfang und den Zweck der Erhebung und Verwendung personenbezogener Daten. 2. Datenschutz Jede Person hat gem\u00e4ss Artikel 13 der schweizerischen Bundesverfassung sowie den datenschutzrechtlichen Bestimmungen des Bundes [&hellip;]\" \/>\n<meta property=\"og:url\" content=\"https:\/\/www.saphw.ch\/de_ch\/elementor-170\/\" \/>\n<meta property=\"og:site_name\" content=\"Schweizerische Akademie der Pharmazeutischen Wissenschaften\" \/>\n<meta property=\"article:modified_time\" content=\"2024-10-28T14:18:06+00:00\" \/>\n<meta name=\"twitter:card\" content=\"summary_large_image\" \/>\n<meta name=\"twitter:label1\" content=\"Gesch\u00e4tzte Lesezeit\" \/>\n\t<meta name=\"twitter:data1\" content=\"3\u00a0Minuten\" \/>\n<script type=\"application\/ld+json\" class=\"yoast-schema-graph\">{\"@context\":\"https:\\\/\\\/schema.org\",\"@graph\":[{\"@type\":\"WebPage\",\"@id\":\"https:\\\/\\\/www.saphw.ch\\\/elementor-170\\\/\",\"url\":\"https:\\\/\\\/www.saphw.ch\\\/elementor-170\\\/\",\"name\":\"Datenschutzerklaerung - Schweizerische Akademie der Pharmazeutischen Wissenschaften\",\"isPartOf\":{\"@id\":\"https:\\\/\\\/www.saphw.ch\\\/de_ch\\\/#website\"},\"datePublished\":\"2024-10-28T14:01:41+00:00\",\"dateModified\":\"2024-10-28T14:18:06+00:00\",\"breadcrumb\":{\"@id\":\"https:\\\/\\\/www.saphw.ch\\\/elementor-170\\\/#breadcrumb\"},\"inLanguage\":\"de-CH\",\"potentialAction\":[{\"@type\":\"ReadAction\",\"target\":[\"https:\\\/\\\/www.saphw.ch\\\/elementor-170\\\/\"]}]},{\"@type\":\"BreadcrumbList\",\"@id\":\"https:\\\/\\\/www.saphw.ch\\\/elementor-170\\\/#breadcrumb\",\"itemListElement\":[{\"@type\":\"ListItem\",\"position\":1,\"name\":\"Home\",\"item\":\"https:\\\/\\\/www.saphw.ch\\\/\"},{\"@type\":\"ListItem\",\"position\":2,\"name\":\"Datenschutzerklaerung\"}]},{\"@type\":\"WebSite\",\"@id\":\"https:\\\/\\\/www.saphw.ch\\\/de_ch\\\/#website\",\"url\":\"https:\\\/\\\/www.saphw.ch\\\/de_ch\\\/\",\"name\":\"Schweizerische Akademie der Pharmazeutischen Wissenschaften\",\"description\":\"\",\"publisher\":{\"@id\":\"https:\\\/\\\/www.saphw.ch\\\/de_ch\\\/#organization\"},\"potentialAction\":[{\"@type\":\"SearchAction\",\"target\":{\"@type\":\"EntryPoint\",\"urlTemplate\":\"https:\\\/\\\/www.saphw.ch\\\/de_ch\\\/?s={search_term_string}\"},\"query-input\":{\"@type\":\"PropertyValueSpecification\",\"valueRequired\":true,\"valueName\":\"search_term_string\"}}],\"inLanguage\":\"de-CH\"},{\"@type\":\"Organization\",\"@id\":\"https:\\\/\\\/www.saphw.ch\\\/de_ch\\\/#organization\",\"name\":\"Schweizerische Akademie der Pharmazeutischen Wissenschaften\",\"url\":\"https:\\\/\\\/www.saphw.ch\\\/de_ch\\\/\",\"logo\":{\"@type\":\"ImageObject\",\"inLanguage\":\"de-CH\",\"@id\":\"https:\\\/\\\/www.saphw.ch\\\/de_ch\\\/#\\\/schema\\\/logo\\\/image\\\/\",\"url\":\"https:\\\/\\\/www.saphw.ch\\\/wp-content\\\/uploads\\\/2025\\\/05\\\/Logo_navbar.png\",\"contentUrl\":\"https:\\\/\\\/www.saphw.ch\\\/wp-content\\\/uploads\\\/2025\\\/05\\\/Logo_navbar.png\",\"width\":800,\"height\":351,\"caption\":\"Schweizerische Akademie der Pharmazeutischen Wissenschaften\"},\"image\":{\"@id\":\"https:\\\/\\\/www.saphw.ch\\\/de_ch\\\/#\\\/schema\\\/logo\\\/image\\\/\"}}]}<\/script>\n<!-- \/ Yoast SEO plugin. -->","yoast_head_json":{"title":"Datenschutzerklaerung - Schweizerische Akademie der Pharmazeutischen Wissenschaften","robots":{"index":"index","follow":"follow","max-snippet":"max-snippet:-1","max-image-preview":"max-image-preview:large","max-video-preview":"max-video-preview:-1"},"canonical":"https:\/\/www.saphw.ch\/de_ch\/elementor-170\/","og_locale":"de_DE","og_type":"article","og_title":"Datenschutzerklaerung - Schweizerische Akademie der Pharmazeutischen Wissenschaften","og_description":"DATENSCHUTZERKL\u00c4RUNG 1. Geltungsbereich SAPhW, der Schweizerischen Akademie der Pharmazeutischen Wissenschaften, ist der Schutz von pers\u00f6nlichen Daten ein sehr wichtiges Anliegen. Unsere Datenschutzerkl\u00e4rung informiert Sie \u00fcber die Art, den Umfang und den Zweck der Erhebung und Verwendung personenbezogener Daten. 2. Datenschutz Jede Person hat gem\u00e4ss Artikel 13 der schweizerischen Bundesverfassung sowie den datenschutzrechtlichen Bestimmungen des Bundes [&hellip;]","og_url":"https:\/\/www.saphw.ch\/de_ch\/elementor-170\/","og_site_name":"Schweizerische Akademie der Pharmazeutischen Wissenschaften","article_modified_time":"2024-10-28T14:18:06+00:00","twitter_card":"summary_large_image","twitter_misc":{"Gesch\u00e4tzte Lesezeit":"3\u00a0Minuten"},"schema":{"@context":"https:\/\/schema.org","@graph":[{"@type":"WebPage","@id":"https:\/\/www.saphw.ch\/elementor-170\/","url":"https:\/\/www.saphw.ch\/elementor-170\/","name":"Datenschutzerklaerung - Schweizerische Akademie der Pharmazeutischen Wissenschaften","isPartOf":{"@id":"https:\/\/www.saphw.ch\/de_ch\/#website"},"datePublished":"2024-10-28T14:01:41+00:00","dateModified":"2024-10-28T14:18:06+00:00","breadcrumb":{"@id":"https:\/\/www.saphw.ch\/elementor-170\/#breadcrumb"},"inLanguage":"de-CH","potentialAction":[{"@type":"ReadAction","target":["https:\/\/www.saphw.ch\/elementor-170\/"]}]},{"@type":"BreadcrumbList","@id":"https:\/\/www.saphw.ch\/elementor-170\/#breadcrumb","itemListElement":[{"@type":"ListItem","position":1,"name":"Home","item":"https:\/\/www.saphw.ch\/"},{"@type":"ListItem","position":2,"name":"Datenschutzerklaerung"}]},{"@type":"WebSite","@id":"https:\/\/www.saphw.ch\/de_ch\/#website","url":"https:\/\/www.saphw.ch\/de_ch\/","name":"Schweizerische Akademie der Pharmazeutischen Wissenschaften","description":"","publisher":{"@id":"https:\/\/www.saphw.ch\/de_ch\/#organization"},"potentialAction":[{"@type":"SearchAction","target":{"@type":"EntryPoint","urlTemplate":"https:\/\/www.saphw.ch\/de_ch\/?s={search_term_string}"},"query-input":{"@type":"PropertyValueSpecification","valueRequired":true,"valueName":"search_term_string"}}],"inLanguage":"de-CH"},{"@type":"Organization","@id":"https:\/\/www.saphw.ch\/de_ch\/#organization","name":"Schweizerische Akademie der Pharmazeutischen Wissenschaften","url":"https:\/\/www.saphw.ch\/de_ch\/","logo":{"@type":"ImageObject","inLanguage":"de-CH","@id":"https:\/\/www.saphw.ch\/de_ch\/#\/schema\/logo\/image\/","url":"https:\/\/www.saphw.ch\/wp-content\/uploads\/2025\/05\/Logo_navbar.png","contentUrl":"https:\/\/www.saphw.ch\/wp-content\/uploads\/2025\/05\/Logo_navbar.png","width":800,"height":351,"caption":"Schweizerische Akademie der Pharmazeutischen Wissenschaften"},"image":{"@id":"https:\/\/www.saphw.ch\/de_ch\/#\/schema\/logo\/image\/"}}]}},"_links":{"self":[{"href":"https:\/\/www.saphw.ch\/de_ch\/wp-json\/wp\/v2\/pages\/170","targetHints":{"allow":["GET"]}}],"collection":[{"href":"https:\/\/www.saphw.ch\/de_ch\/wp-json\/wp\/v2\/pages"}],"about":[{"href":"https:\/\/www.saphw.ch\/de_ch\/wp-json\/wp\/v2\/types\/page"}],"author":[{"embeddable":true,"href":"https:\/\/www.saphw.ch\/de_ch\/wp-json\/wp\/v2\/users\/1"}],"replies":[{"embeddable":true,"href":"https:\/\/www.saphw.ch\/de_ch\/wp-json\/wp\/v2\/comments?post=170"}],"version-history":[{"count":8,"href":"https:\/\/www.saphw.ch\/de_ch\/wp-json\/wp\/v2\/pages\/170\/revisions"}],"predecessor-version":[{"id":182,"href":"https:\/\/www.saphw.ch\/de_ch\/wp-json\/wp\/v2\/pages\/170\/revisions\/182"}],"wp:attachment":[{"href":"https:\/\/www.saphw.ch\/de_ch\/wp-json\/wp\/v2\/media?parent=170"}],"curies":[{"name":"wp","href":"https:\/\/api.w.org\/{rel}","templated":true}]}}