{"id":1358,"date":"2025-04-26T08:08:22","date_gmt":"2025-04-26T07:08:22","guid":{"rendered":"https:\/\/new.saphw.ch\/?page_id=1358"},"modified":"2025-10-28T01:03:04","modified_gmt":"2025-10-28T00:03:04","slug":"mitglied-werden","status":"publish","type":"page","link":"https:\/\/www.saphw.ch\/de_ch\/mitglied-werden\/","title":{"rendered":"Mitglied werden"},"content":{"rendered":"\t\t<div data-elementor-type=\"wp-page\" data-elementor-id=\"1358\" class=\"elementor elementor-1358\" data-elementor-post-type=\"page\">\n\t\t\t\t<div class=\"elementor-element elementor-element-df99956 e-flex e-con-boxed e-con e-parent\" data-id=\"df99956\" data-element_type=\"container\" data-e-type=\"container\">\n\t\t\t\t\t<div class=\"e-con-inner\">\n\t\t\t\t<div class=\"elementor-element elementor-element-ada71d9 elementor-widget elementor-widget-heading\" data-id=\"ada71d9\" data-element_type=\"widget\" data-e-type=\"widget\" data-widget_type=\"heading.default\">\n\t\t\t\t<div class=\"elementor-widget-container\">\n\t\t\t\t\t<h2 class=\"elementor-heading-title elementor-size-default\">Mitgliedschaft<\/h2>\t\t\t\t<\/div>\n\t\t\t\t<\/div>\n\t\t\t\t\t<\/div>\n\t\t\t\t<\/div>\n\t\t<div class=\"elementor-element elementor-element-372b2bd e-flex e-con-boxed e-con e-parent\" data-id=\"372b2bd\" data-element_type=\"container\" data-e-type=\"container\">\n\t\t\t\t\t<div class=\"e-con-inner\">\n\t\t\t\t<div class=\"elementor-element elementor-element-87398c8 elementor-widget elementor-widget-text-editor\" data-id=\"87398c8\" data-element_type=\"widget\" data-e-type=\"widget\" data-widget_type=\"text-editor.default\">\n\t\t\t\t<div class=\"elementor-widget-container\">\n\t\t\t\t\t\t\t\t\t<p class=\"\" data-start=\"280\" data-end=\"579\">Die SAPhW f\u00f6rdert seit Jahrzehnten die pharmazeutische Wissenschaft in der Schweiz \u2013 interdisziplin\u00e4r, unabh\u00e4ngig und zukunftsgerichtet. Als Mitglied bist du Teil eines engagierten Netzwerks von Forscher<em data-start=\"483\" data-end=\"501\">innen, <\/em>Apotheker<em>innen<\/em>, Studierenden und Entscheidungstr\u00e4ger<em>innen<\/em> aus Wissenschaft und Praxis.<\/p>\t\t\t\t\t\t\t\t<\/div>\n\t\t\t\t<\/div>\n\t\t\t\t\t<\/div>\n\t\t\t\t<\/div>\n\t\t<div class=\"elementor-element elementor-element-f163bff e-flex e-con-boxed e-con e-parent\" data-id=\"f163bff\" data-element_type=\"container\" data-e-type=\"container\">\n\t\t\t\t\t<div class=\"e-con-inner\">\n\t\t\t\t<div class=\"elementor-element elementor-element-becea4a elementor-widget elementor-widget-heading\" data-id=\"becea4a\" data-element_type=\"widget\" data-e-type=\"widget\" data-widget_type=\"heading.default\">\n\t\t\t\t<div class=\"elementor-widget-container\">\n\t\t\t\t\t<h2 class=\"elementor-heading-title elementor-size-default\">Vorteile einer SAPhW-Mitgliedschaft<\/h2>\t\t\t\t<\/div>\n\t\t\t\t<\/div>\n\t\t\t\t\t<\/div>\n\t\t\t\t<\/div>\n\t\t<div class=\"elementor-element elementor-element-d462782 e-flex e-con-boxed e-con e-parent\" data-id=\"d462782\" data-element_type=\"container\" data-e-type=\"container\">\n\t\t\t\t\t<div class=\"e-con-inner\">\n\t\t\t\t<div class=\"elementor-element elementor-element-daec63a elementor-widget elementor-widget-text-editor\" data-id=\"daec63a\" data-element_type=\"widget\" data-e-type=\"widget\" data-widget_type=\"text-editor.default\">\n\t\t\t\t<div class=\"elementor-widget-container\">\n\t\t\t\t\t\t\t\t\t<p class=\"\" data-start=\"270\" data-end=\"412\"><span style=\"color: #ff9900;\">\u2666<\/span>\u00a0<strong data-start=\"273\" data-end=\"320\">F\u00f6rderung des wissenschaftlichen Austauschs<\/strong><br data-start=\"320\" data-end=\"323\" \/>Ein Zugang zu einem aktiven Netzwerk aus Forschung, Industrie und Praxis wird erm\u00f6glicht.<\/p><p class=\"\" data-start=\"743\" data-end=\"892\"><strong data-start=\"746\" data-end=\"787\"><span style=\"color: #ff9900;\">\u2666\u00a0<\/span>Plattform zur Pr\u00e4sentation eigener Forschung<br data-start=\"945\" data-end=\"948\" \/><\/strong>Forschungsergebnisse k\u00f6nnen \u00fcber Newsletter, Veranstaltungen oder Fachbeitr\u00e4ge sichtbar gemacht werden.<\/p><p class=\"\" data-start=\"743\" data-end=\"892\"><strong data-start=\"746\" data-end=\"787\"><span style=\"color: #ff9900;\">\u2666\u00a0<\/span>M\u00f6glichkeit zur aktiven Mitgestaltung<\/strong><br data-start=\"787\" data-end=\"790\" \/>Eine Mitwirkung in Arbeitsgruppen, Gremien oder bei der Erarbeitung von Positionspapieren ist m\u00f6glich.<\/p><p class=\"\" data-start=\"1213\" data-end=\"1402\"><strong data-start=\"1216\" data-end=\"1282\"><span style=\"color: #ff9900;\">\u2666\u00a0<\/span>St\u00e4rkung der pharmazeutischen Wissenschaft in der Gesellschaft<\/strong><br data-start=\"1282\" data-end=\"1285\" \/>Die Sichtbarkeit und Relevanz pharmazeutischer Forschung wird durch die kollektive Stimme der Mitglieder unterst\u00fctzt.<\/p><p class=\"\" data-start=\"1404\" data-end=\"1547\"><strong data-start=\"1407\" data-end=\"1473\"><span style=\"color: #ff9900;\">\u2666\u00a0<\/span>Attraktive Konditionen f\u00fcr Studierende und Nachwuchsforschende<\/strong><br data-start=\"1473\" data-end=\"1476\" \/>Verg\u00fcnstigte Beitr\u00e4ge und Zugang zu Mentoring-Angeboten werden geboten.<\/p><p class=\"\" data-start=\"1549\" data-end=\"1717\"><strong data-start=\"1552\" data-end=\"1598\"><span style=\"color: #ff9900;\">\u2666\u00a0<\/span>Vorteile f\u00fcr Institutionen und Unternehmen<\/strong><br data-start=\"1598\" data-end=\"1601\" \/>Kollektivmitglieder erhalten gezielte Sichtbarkeit, Zugang zu wissenschaftlichen Ressourcen und Kontakt zu Talenten.<\/p>\t\t\t\t\t\t\t\t<\/div>\n\t\t\t\t<\/div>\n\t\t\t\t\t<\/div>\n\t\t\t\t<\/div>\n\t\t<div class=\"elementor-element elementor-element-2879a8c e-flex e-con-boxed e-con e-parent\" data-id=\"2879a8c\" data-element_type=\"container\" data-e-type=\"container\">\n\t\t\t\t\t<div class=\"e-con-inner\">\n\t\t\t\t<div class=\"elementor-element elementor-element-ac46755 elementor-widget elementor-widget-spacer\" data-id=\"ac46755\" data-element_type=\"widget\" data-e-type=\"widget\" data-widget_type=\"spacer.default\">\n\t\t\t\t<div class=\"elementor-widget-container\">\n\t\t\t\t\t\t\t<div class=\"elementor-spacer\">\n\t\t\t<div class=\"elementor-spacer-inner\"><\/div>\n\t\t<\/div>\n\t\t\t\t\t\t<\/div>\n\t\t\t\t<\/div>\n\t\t\t\t\t<\/div>\n\t\t\t\t<\/div>\n\t\t<div class=\"elementor-element elementor-element-4aa452b e-flex e-con-boxed e-con e-parent\" data-id=\"4aa452b\" data-element_type=\"container\" data-e-type=\"container\">\n\t\t\t\t\t<div class=\"e-con-inner\">\n\t\t\t\t<div class=\"elementor-element elementor-element-ab69ed7 elementor-widget elementor-widget-heading\" data-id=\"ab69ed7\" data-element_type=\"widget\" data-e-type=\"widget\" data-widget_type=\"heading.default\">\n\t\t\t\t<div class=\"elementor-widget-container\">\n\t\t\t\t\t<h2 class=\"elementor-heading-title elementor-size-default\">Ablauf der Mitgliedschaftsanfrage<\/h2>\t\t\t\t<\/div>\n\t\t\t\t<\/div>\n\t\t\t\t\t<\/div>\n\t\t\t\t<\/div>\n\t\t<div class=\"elementor-element elementor-element-0623194 e-flex e-con-boxed e-con e-parent\" data-id=\"0623194\" data-element_type=\"container\" data-e-type=\"container\">\n\t\t\t\t\t<div class=\"e-con-inner\">\n\t\t\t\t<div class=\"elementor-element elementor-element-a66da09 elementor-widget elementor-widget-text-editor\" data-id=\"a66da09\" data-element_type=\"widget\" data-e-type=\"widget\" data-widget_type=\"text-editor.default\">\n\t\t\t\t<div class=\"elementor-widget-container\">\n\t\t\t\t\t\t\t\t\t<p>Der <strong>Senatsvorstand<\/strong> entscheidet gem\u00e4ss Art. 4 der Statuten \u00fcber die Aufnahme eines neuen Mitglieds, dies in der Regel anl\u00e4sslich seiner n\u00e4chsten Sitzung. Dazu wird zus\u00e4tzlich ein <strong>Kurz-CV<\/strong> ben\u00f6tigt; bitte dieses an <a href=\"mailto:info@saphw.ch\">info@saphw.ch<\/a> schicken. Die <strong>Rechnung<\/strong> f\u00fcr den Mitgliederbeitrag wird per E-Mail nach der j\u00e4hrlichen Generalversammlung verschickt. Diese findet normalerweise im April statt.<\/p>\t\t\t\t\t\t\t\t<\/div>\n\t\t\t\t<\/div>\n\t\t\t\t\t<\/div>\n\t\t\t\t<\/div>\n\t\t<div class=\"elementor-element elementor-element-0c3a833 e-flex e-con-boxed e-con e-parent\" data-id=\"0c3a833\" data-element_type=\"container\" data-e-type=\"container\">\n\t\t\t\t\t<div class=\"e-con-inner\">\n\t\t\t\t<div class=\"elementor-element elementor-element-c1f7ee3 elementor-widget elementor-widget-heading\" data-id=\"c1f7ee3\" data-element_type=\"widget\" data-e-type=\"widget\" data-widget_type=\"heading.default\">\n\t\t\t\t<div class=\"elementor-widget-container\">\n\t\t\t\t\t<h2 class=\"elementor-heading-title elementor-size-default\">Mitgliederkategorien und -beitr\u00e4ge 2025<\/h2>\t\t\t\t<\/div>\n\t\t\t\t<\/div>\n\t\t\t\t\t<\/div>\n\t\t\t\t<\/div>\n\t\t<div class=\"elementor-element elementor-element-88c2dd9 e-flex e-con-boxed e-con e-parent\" data-id=\"88c2dd9\" data-element_type=\"container\" data-e-type=\"container\">\n\t\t\t\t\t<div class=\"e-con-inner\">\n\t\t\t\t<div class=\"elementor-element elementor-element-115b0fd elementor-widget elementor-widget-oew-price-list\" data-id=\"115b0fd\" data-element_type=\"widget\" data-e-type=\"widget\" data-widget_type=\"oew-price-list.default\">\n\t\t\t\t<div class=\"elementor-widget-container\">\n\t\t\t\t\t\n\t\t<div class=\"oew-price-list oew-price-list-side\">\n\n\t\t\t\n\t\t\t\t\t<a class=\"oew-price-list-item\" href=\"#\">\n\n\t\t\t\t\t\t\t\t\t\n\t\t\t\t\t<div class=\"oew-price-list-text\">\n\n\t\t\t\t\t\t<div class=\"oew-price-list-header\">\n\n\t\t\t\t\t\t\t<span class=\"oew-price-list-title\">F\u00f6rdermitlgieder (Statuten Art. 6)<\/span>\n\n\t\t\t\t\t\t\t\t\t\t\t\t\t\t\t<span class=\"oew-price-list-separator\"><\/span>\n\t\t\t\t\t\t\t\n\t\t<div class=\"oew-price-list-price-wrap\">\n\t\t\t\n\t\t\t<span class=\"oew-price-list-price\">CHF 50<\/span>\n\t\t<\/div>\n\n\t\n\t\t\t\t\t\t<\/div>\n\n\t\t\t\t\t\t\t\t\t\t\t\t\t<p class=\"oew-price-list-description\">Nat\u00fcrliche oder Juristische Personen; Pharmazeut*innen, Apotheker*innen, Wissenschaftler anderer Fachrichtungen mit abgeschlossenem Hochschulstudium, die auf dem Gebiet pharmazeutisch relevanter Wissenschaften arbeiten; Juristische Personen, die im Bereich der pharmazeutischen Forschung t\u00e4tig sind<\/p>\n\t\t\t\t\t\t\n\t\t\t\t\t<\/div>\n\n\t\t\t\t\t\t\t\t\t<\/a>\n\t\t\t\t\n\t\t\t\n\t\t\t\t\t<a class=\"oew-price-list-item\" href=\"#\">\n\n\t\t\t\t\t\t\t\t\t\n\t\t\t\t\t<div class=\"oew-price-list-text\">\n\n\t\t\t\t\t\t<div class=\"oew-price-list-header\">\n\n\t\t\t\t\t\t\t<span class=\"oew-price-list-title\">F\u00f6rdermitglieder Studierende<\/span>\n\n\t\t\t\t\t\t\t\t\t\t\t\t\t\t\t<span class=\"oew-price-list-separator\"><\/span>\n\t\t\t\t\t\t\t\n\t\t<div class=\"oew-price-list-price-wrap\">\n\t\t\t\n\t\t\t<span class=\"oew-price-list-price\">CHF 25<\/span>\n\t\t<\/div>\n\n\t\n\t\t\t\t\t\t<\/div>\n\n\t\t\t\t\t\t\t\t\t\t\t\t\t<p class=\"oew-price-list-description\">Studierende der Pharmazie (ab BSc) und Doktorierende<\/p>\n\t\t\t\t\t\t\n\t\t\t\t\t<\/div>\n\n\t\t\t\t\t\t\t\t\t<\/a>\n\t\t\t\t\n\t\t\t\n\t\t\t\t\t<a class=\"oew-price-list-item\" href=\"#\">\n\n\t\t\t\t\t\t\t\t\t\n\t\t\t\t\t<div class=\"oew-price-list-text\">\n\n\t\t\t\t\t\t<div class=\"oew-price-list-header\">\n\n\t\t\t\t\t\t\t<span class=\"oew-price-list-title\">Kollektivmitglieder (Statuten Art. 5)<\/span>\n\n\t\t\t\t\t\t\t\t\t\t\t\t\t\t\t<span class=\"oew-price-list-separator\"><\/span>\n\t\t\t\t\t\t\t\n\t\t<div class=\"oew-price-list-price-wrap\">\n\t\t\t\n\t\t\t<span class=\"oew-price-list-price\">individuell<\/span>\n\t\t<\/div>\n\n\t\n\t\t\t\t\t\t<\/div>\n\n\t\t\t\t\t\t\t\t\t\t\t\t\t<p class=\"oew-price-list-description\">Fachgesellschaften, -verb\u00e4nde, akad. Institutionen und\u00a0 Firmen im Bereich pharmazeutischer Forschung<\/p>\n\t\t\t\t\t\t\n\t\t\t\t\t<\/div>\n\n\t\t\t\t\t\t\t\t\t<\/a>\n\t\t\t\t\n\t\t\t\n\t\t<\/div>\n\n\t\t\t\t\t<\/div>\n\t\t\t\t<\/div>\n\t\t\t\t\t<\/div>\n\t\t\t\t<\/div>\n\t\t<div class=\"elementor-element elementor-element-03da2c4 e-flex e-con-boxed e-con e-parent\" data-id=\"03da2c4\" data-element_type=\"container\" data-e-type=\"container\">\n\t\t\t\t\t<div class=\"e-con-inner\">\n\t\t\t\t<div class=\"elementor-element elementor-element-adb5bd7 elementor-widget elementor-widget-spacer\" data-id=\"adb5bd7\" data-element_type=\"widget\" data-e-type=\"widget\" data-widget_type=\"spacer.default\">\n\t\t\t\t<div class=\"elementor-widget-container\">\n\t\t\t\t\t\t\t<div class=\"elementor-spacer\">\n\t\t\t<div class=\"elementor-spacer-inner\"><\/div>\n\t\t<\/div>\n\t\t\t\t\t\t<\/div>\n\t\t\t\t<\/div>\n\t\t\t\t\t<\/div>\n\t\t\t\t<\/div>\n\t\t<div class=\"elementor-element elementor-element-708c02f e-flex e-con-boxed e-con e-parent\" data-id=\"708c02f\" data-element_type=\"container\" data-e-type=\"container\">\n\t\t\t\t\t<div class=\"e-con-inner\">\n\t\t\t\t<div class=\"elementor-element elementor-element-6e48c12 elementor-widget elementor-widget-heading\" data-id=\"6e48c12\" data-element_type=\"widget\" data-e-type=\"widget\" data-widget_type=\"heading.default\">\n\t\t\t\t<div class=\"elementor-widget-container\">\n\t\t\t\t\t<h2 class=\"elementor-heading-title elementor-size-default\">Jetzt Mitglied werden<\/h2>\t\t\t\t<\/div>\n\t\t\t\t<\/div>\n\t\t\t\t\t<\/div>\n\t\t\t\t<\/div>\n\t\t<div class=\"elementor-element elementor-element-e4c5a8b e-flex e-con-boxed e-con e-parent\" data-id=\"e4c5a8b\" data-element_type=\"container\" data-e-type=\"container\">\n\t\t\t\t\t<div class=\"e-con-inner\">\n\t\t\t\t<div class=\"elementor-element elementor-element-feab124 elementor-widget elementor-widget-text-editor\" data-id=\"feab124\" data-element_type=\"widget\" data-e-type=\"widget\" data-widget_type=\"text-editor.default\">\n\t\t\t\t<div class=\"elementor-widget-container\">\n\t\t\t\t\t\t\t\t\t<p>Senden Sie zur Anmeldung\u00a0einen Kurz CV an <a href=\"mailto:info@saphw.ch\">info@saphw.ch<\/a>.<\/p>\t\t\t\t\t\t\t\t<\/div>\n\t\t\t\t<\/div>\n\t\t\t\t\t<\/div>\n\t\t\t\t<\/div>\n\t\t\t\t<\/div>\n\t\t","protected":false},"excerpt":{"rendered":"<p>Mitgliedschaft Die SAPhW f\u00f6rdert seit Jahrzehnten die pharmazeutische Wissenschaft in der Schweiz \u2013 interdisziplin\u00e4r, unabh\u00e4ngig und zukunftsgerichtet. Als Mitglied bist du Teil eines engagierten Netzwerks von Forscherinnen, Apothekerinnen, Studierenden und Entscheidungstr\u00e4gerinnen aus Wissenschaft und Praxis. Vorteile einer SAPhW-Mitgliedschaft \u2666\u00a0F\u00f6rderung des wissenschaftlichen AustauschsEin Zugang zu einem aktiven Netzwerk aus Forschung, Industrie und Praxis wird erm\u00f6glicht. \u2666\u00a0Plattform [&hellip;]<\/p>\n","protected":false},"author":3,"featured_media":0,"parent":0,"menu_order":0,"comment_status":"closed","ping_status":"closed","template":"","meta":{"ocean_post_layout":"","ocean_both_sidebars_style":"","ocean_both_sidebars_content_width":0,"ocean_both_sidebars_sidebars_width":0,"ocean_sidebar":"","ocean_second_sidebar":"","ocean_disable_margins":"enable","ocean_add_body_class":"","ocean_shortcode_before_top_bar":"","ocean_shortcode_after_top_bar":"","ocean_shortcode_before_header":"","ocean_shortcode_after_header":"","ocean_has_shortcode":"","ocean_shortcode_after_title":"","ocean_shortcode_before_footer_widgets":"","ocean_shortcode_after_footer_widgets":"","ocean_shortcode_before_footer_bottom":"","ocean_shortcode_after_footer_bottom":"","ocean_display_top_bar":"default","ocean_display_header":"default","ocean_header_style":"","ocean_center_header_left_menu":"","ocean_custom_header_template":"","ocean_custom_logo":0,"ocean_custom_retina_logo":0,"ocean_custom_logo_max_width":0,"ocean_custom_logo_tablet_max_width":0,"ocean_custom_logo_mobile_max_width":0,"ocean_custom_logo_max_height":0,"ocean_custom_logo_tablet_max_height":0,"ocean_custom_logo_mobile_max_height":0,"ocean_header_custom_menu":"","ocean_menu_typo_font_family":"","ocean_menu_typo_font_subset":"","ocean_menu_typo_font_size":0,"ocean_menu_typo_font_size_tablet":0,"ocean_menu_typo_font_size_mobile":0,"ocean_menu_typo_font_size_unit":"px","ocean_menu_typo_font_weight":"","ocean_menu_typo_font_weight_tablet":"","ocean_menu_typo_font_weight_mobile":"","ocean_menu_typo_transform":"","ocean_menu_typo_transform_tablet":"","ocean_menu_typo_transform_mobile":"","ocean_menu_typo_line_height":0,"ocean_menu_typo_line_height_tablet":0,"ocean_menu_typo_line_height_mobile":0,"ocean_menu_typo_line_height_unit":"","ocean_menu_typo_spacing":0,"ocean_menu_typo_spacing_tablet":0,"ocean_menu_typo_spacing_mobile":0,"ocean_menu_typo_spacing_unit":"","ocean_menu_link_color":"","ocean_menu_link_color_hover":"","ocean_menu_link_color_active":"","ocean_menu_link_background":"","ocean_menu_link_hover_background":"","ocean_menu_link_active_background":"","ocean_menu_social_links_bg":"","ocean_menu_social_hover_links_bg":"","ocean_menu_social_links_color":"","ocean_menu_social_hover_links_color":"","ocean_disable_title":"default","ocean_disable_heading":"default","ocean_post_title":"","ocean_post_subheading":"","ocean_post_title_style":"","ocean_post_title_background_color":"","ocean_post_title_background":0,"ocean_post_title_bg_image_position":"","ocean_post_title_bg_image_attachment":"","ocean_post_title_bg_image_repeat":"","ocean_post_title_bg_image_size":"","ocean_post_title_height":0,"ocean_post_title_bg_overlay":0.5,"ocean_post_title_bg_overlay_color":"","ocean_disable_breadcrumbs":"default","ocean_breadcrumbs_color":"","ocean_breadcrumbs_separator_color":"","ocean_breadcrumbs_links_color":"","ocean_breadcrumbs_links_hover_color":"","ocean_display_footer_widgets":"default","ocean_display_footer_bottom":"default","ocean_custom_footer_template":"","ofc_meta_disable_footer_callout":"","ofc_meta_callout_button_url":"","ofc_meta_callout_button_txt":"","ofc_meta_callout_text":"","osh_disable_topbar_sticky":"default","osh_disable_header_sticky":"default","osh_sticky_header_style":"default","osh_sticky_header_effect":"","osh_custom_sticky_logo":0,"osh_custom_retina_sticky_logo":0,"osh_custom_sticky_logo_height":0,"osh_background_color":"","osh_links_color":"","osh_links_hover_color":"","osh_links_active_color":"","osh_links_bg_color":"","osh_links_hover_bg_color":"","osh_links_active_bg_color":"","osh_menu_social_links_color":"","osh_menu_social_hover_links_color":"","footnotes":""},"class_list":["post-1358","page","type-page","status-publish","hentry","entry"],"yoast_head":"<!-- This site is optimized with the Yoast SEO plugin v27.4 - https:\/\/yoast.com\/product\/yoast-seo-wordpress\/ -->\n<title>Mitglied werden - Schweizerische Akademie der Pharmazeutischen Wissenschaften<\/title>\n<meta name=\"robots\" content=\"index, follow, max-snippet:-1, max-image-preview:large, max-video-preview:-1\" \/>\n<link rel=\"canonical\" href=\"https:\/\/www.saphw.ch\/de_ch\/mitglied-werden\/\" \/>\n<meta property=\"og:locale\" content=\"de_DE\" \/>\n<meta property=\"og:type\" content=\"article\" \/>\n<meta property=\"og:title\" content=\"Mitglied werden - Schweizerische Akademie der Pharmazeutischen Wissenschaften\" \/>\n<meta property=\"og:description\" content=\"Mitgliedschaft Die SAPhW f\u00f6rdert seit Jahrzehnten die pharmazeutische Wissenschaft in der Schweiz \u2013 interdisziplin\u00e4r, unabh\u00e4ngig und zukunftsgerichtet. Als Mitglied bist du Teil eines engagierten Netzwerks von Forscherinnen, Apothekerinnen, Studierenden und Entscheidungstr\u00e4gerinnen aus Wissenschaft und Praxis. Vorteile einer SAPhW-Mitgliedschaft \u2666\u00a0F\u00f6rderung des wissenschaftlichen AustauschsEin Zugang zu einem aktiven Netzwerk aus Forschung, Industrie und Praxis wird erm\u00f6glicht. \u2666\u00a0Plattform [&hellip;]\" \/>\n<meta property=\"og:url\" content=\"https:\/\/www.saphw.ch\/de_ch\/mitglied-werden\/\" \/>\n<meta property=\"og:site_name\" content=\"Schweizerische Akademie der Pharmazeutischen Wissenschaften\" \/>\n<meta property=\"article:modified_time\" content=\"2025-10-28T00:03:04+00:00\" \/>\n<meta name=\"twitter:card\" content=\"summary_large_image\" \/>\n<meta name=\"twitter:label1\" content=\"Gesch\u00e4tzte Lesezeit\" \/>\n\t<meta name=\"twitter:data1\" content=\"2\u00a0Minuten\" \/>\n<script type=\"application\/ld+json\" class=\"yoast-schema-graph\">{\"@context\":\"https:\\\/\\\/schema.org\",\"@graph\":[{\"@type\":\"WebPage\",\"@id\":\"https:\\\/\\\/www.saphw.ch\\\/mitglied-werden\\\/\",\"url\":\"https:\\\/\\\/www.saphw.ch\\\/mitglied-werden\\\/\",\"name\":\"Mitglied werden - Schweizerische Akademie der Pharmazeutischen Wissenschaften\",\"isPartOf\":{\"@id\":\"https:\\\/\\\/www.saphw.ch\\\/de_ch\\\/#website\"},\"datePublished\":\"2025-04-26T07:08:22+00:00\",\"dateModified\":\"2025-10-28T00:03:04+00:00\",\"breadcrumb\":{\"@id\":\"https:\\\/\\\/www.saphw.ch\\\/mitglied-werden\\\/#breadcrumb\"},\"inLanguage\":\"de-CH\",\"potentialAction\":[{\"@type\":\"ReadAction\",\"target\":[\"https:\\\/\\\/www.saphw.ch\\\/mitglied-werden\\\/\"]}]},{\"@type\":\"BreadcrumbList\",\"@id\":\"https:\\\/\\\/www.saphw.ch\\\/mitglied-werden\\\/#breadcrumb\",\"itemListElement\":[{\"@type\":\"ListItem\",\"position\":1,\"name\":\"Home\",\"item\":\"https:\\\/\\\/www.saphw.ch\\\/\"},{\"@type\":\"ListItem\",\"position\":2,\"name\":\"Mitglied werden\"}]},{\"@type\":\"WebSite\",\"@id\":\"https:\\\/\\\/www.saphw.ch\\\/de_ch\\\/#website\",\"url\":\"https:\\\/\\\/www.saphw.ch\\\/de_ch\\\/\",\"name\":\"Schweizerische Akademie der Pharmazeutischen Wissenschaften\",\"description\":\"\",\"publisher\":{\"@id\":\"https:\\\/\\\/www.saphw.ch\\\/de_ch\\\/#organization\"},\"potentialAction\":[{\"@type\":\"SearchAction\",\"target\":{\"@type\":\"EntryPoint\",\"urlTemplate\":\"https:\\\/\\\/www.saphw.ch\\\/de_ch\\\/?s={search_term_string}\"},\"query-input\":{\"@type\":\"PropertyValueSpecification\",\"valueRequired\":true,\"valueName\":\"search_term_string\"}}],\"inLanguage\":\"de-CH\"},{\"@type\":\"Organization\",\"@id\":\"https:\\\/\\\/www.saphw.ch\\\/de_ch\\\/#organization\",\"name\":\"Schweizerische Akademie der Pharmazeutischen Wissenschaften\",\"url\":\"https:\\\/\\\/www.saphw.ch\\\/de_ch\\\/\",\"logo\":{\"@type\":\"ImageObject\",\"inLanguage\":\"de-CH\",\"@id\":\"https:\\\/\\\/www.saphw.ch\\\/de_ch\\\/#\\\/schema\\\/logo\\\/image\\\/\",\"url\":\"https:\\\/\\\/www.saphw.ch\\\/wp-content\\\/uploads\\\/2025\\\/05\\\/Logo_navbar.png\",\"contentUrl\":\"https:\\\/\\\/www.saphw.ch\\\/wp-content\\\/uploads\\\/2025\\\/05\\\/Logo_navbar.png\",\"width\":800,\"height\":351,\"caption\":\"Schweizerische Akademie der Pharmazeutischen Wissenschaften\"},\"image\":{\"@id\":\"https:\\\/\\\/www.saphw.ch\\\/de_ch\\\/#\\\/schema\\\/logo\\\/image\\\/\"}}]}<\/script>\n<!-- \/ Yoast SEO plugin. -->","yoast_head_json":{"title":"Mitglied werden - Schweizerische Akademie der Pharmazeutischen Wissenschaften","robots":{"index":"index","follow":"follow","max-snippet":"max-snippet:-1","max-image-preview":"max-image-preview:large","max-video-preview":"max-video-preview:-1"},"canonical":"https:\/\/www.saphw.ch\/de_ch\/mitglied-werden\/","og_locale":"de_DE","og_type":"article","og_title":"Mitglied werden - Schweizerische Akademie der Pharmazeutischen Wissenschaften","og_description":"Mitgliedschaft Die SAPhW f\u00f6rdert seit Jahrzehnten die pharmazeutische Wissenschaft in der Schweiz \u2013 interdisziplin\u00e4r, unabh\u00e4ngig und zukunftsgerichtet. Als Mitglied bist du Teil eines engagierten Netzwerks von Forscherinnen, Apothekerinnen, Studierenden und Entscheidungstr\u00e4gerinnen aus Wissenschaft und Praxis. Vorteile einer SAPhW-Mitgliedschaft \u2666\u00a0F\u00f6rderung des wissenschaftlichen AustauschsEin Zugang zu einem aktiven Netzwerk aus Forschung, Industrie und Praxis wird erm\u00f6glicht. \u2666\u00a0Plattform [&hellip;]","og_url":"https:\/\/www.saphw.ch\/de_ch\/mitglied-werden\/","og_site_name":"Schweizerische Akademie der Pharmazeutischen Wissenschaften","article_modified_time":"2025-10-28T00:03:04+00:00","twitter_card":"summary_large_image","twitter_misc":{"Gesch\u00e4tzte Lesezeit":"2\u00a0Minuten"},"schema":{"@context":"https:\/\/schema.org","@graph":[{"@type":"WebPage","@id":"https:\/\/www.saphw.ch\/mitglied-werden\/","url":"https:\/\/www.saphw.ch\/mitglied-werden\/","name":"Mitglied werden - Schweizerische Akademie der Pharmazeutischen Wissenschaften","isPartOf":{"@id":"https:\/\/www.saphw.ch\/de_ch\/#website"},"datePublished":"2025-04-26T07:08:22+00:00","dateModified":"2025-10-28T00:03:04+00:00","breadcrumb":{"@id":"https:\/\/www.saphw.ch\/mitglied-werden\/#breadcrumb"},"inLanguage":"de-CH","potentialAction":[{"@type":"ReadAction","target":["https:\/\/www.saphw.ch\/mitglied-werden\/"]}]},{"@type":"BreadcrumbList","@id":"https:\/\/www.saphw.ch\/mitglied-werden\/#breadcrumb","itemListElement":[{"@type":"ListItem","position":1,"name":"Home","item":"https:\/\/www.saphw.ch\/"},{"@type":"ListItem","position":2,"name":"Mitglied werden"}]},{"@type":"WebSite","@id":"https:\/\/www.saphw.ch\/de_ch\/#website","url":"https:\/\/www.saphw.ch\/de_ch\/","name":"Schweizerische Akademie der Pharmazeutischen Wissenschaften","description":"","publisher":{"@id":"https:\/\/www.saphw.ch\/de_ch\/#organization"},"potentialAction":[{"@type":"SearchAction","target":{"@type":"EntryPoint","urlTemplate":"https:\/\/www.saphw.ch\/de_ch\/?s={search_term_string}"},"query-input":{"@type":"PropertyValueSpecification","valueRequired":true,"valueName":"search_term_string"}}],"inLanguage":"de-CH"},{"@type":"Organization","@id":"https:\/\/www.saphw.ch\/de_ch\/#organization","name":"Schweizerische Akademie der Pharmazeutischen Wissenschaften","url":"https:\/\/www.saphw.ch\/de_ch\/","logo":{"@type":"ImageObject","inLanguage":"de-CH","@id":"https:\/\/www.saphw.ch\/de_ch\/#\/schema\/logo\/image\/","url":"https:\/\/www.saphw.ch\/wp-content\/uploads\/2025\/05\/Logo_navbar.png","contentUrl":"https:\/\/www.saphw.ch\/wp-content\/uploads\/2025\/05\/Logo_navbar.png","width":800,"height":351,"caption":"Schweizerische Akademie der Pharmazeutischen Wissenschaften"},"image":{"@id":"https:\/\/www.saphw.ch\/de_ch\/#\/schema\/logo\/image\/"}}]}},"_links":{"self":[{"href":"https:\/\/www.saphw.ch\/de_ch\/wp-json\/wp\/v2\/pages\/1358","targetHints":{"allow":["GET"]}}],"collection":[{"href":"https:\/\/www.saphw.ch\/de_ch\/wp-json\/wp\/v2\/pages"}],"about":[{"href":"https:\/\/www.saphw.ch\/de_ch\/wp-json\/wp\/v2\/types\/page"}],"author":[{"embeddable":true,"href":"https:\/\/www.saphw.ch\/de_ch\/wp-json\/wp\/v2\/users\/3"}],"replies":[{"embeddable":true,"href":"https:\/\/www.saphw.ch\/de_ch\/wp-json\/wp\/v2\/comments?post=1358"}],"version-history":[{"count":46,"href":"https:\/\/www.saphw.ch\/de_ch\/wp-json\/wp\/v2\/pages\/1358\/revisions"}],"predecessor-version":[{"id":2184,"href":"https:\/\/www.saphw.ch\/de_ch\/wp-json\/wp\/v2\/pages\/1358\/revisions\/2184"}],"wp:attachment":[{"href":"https:\/\/www.saphw.ch\/de_ch\/wp-json\/wp\/v2\/media?parent=1358"}],"curies":[{"name":"wp","href":"https:\/\/api.w.org\/{rel}","templated":true}]}}